{"id":806,"date":"2018-09-13T10:39:02","date_gmt":"2018-09-13T10:39:02","guid":{"rendered":"http:\/\/www.tentamus.com\/ja-tello-en\/?page_id=806"},"modified":"2024-05-22T09:18:30","modified_gmt":"2024-05-22T09:18:30","slug":"sementes-oleaginosas","status":"publish","type":"page","link":"https:\/\/www.laboratoriotello.com\/pt\/analise\/sementes-oleaginosas\/","title":{"rendered":"Sementes Oleaginosas"},"content":{"rendered":"<!-- tailor:tailor_section:664db8663524a -->\n<div class=\"tailor-element tailor-section tailor-664db8663524a\">\n<div class=\"tailor-section__content\"><!-- tailor:tailor_row:664db8663524b -->\n<div class=\"tailor-element tailor-row tablet-columns tailor-664db8663524b\"><!-- tailor:tailor_column:664db8663524c -->\n<div class=\"tailor-column tailor-664db8663524c\"><!-- tailor:tailor_widgets:664db8663524d --><div  class=\"tailor-element tailor-widget-area service_custom_menu  tailor-664db8663524d\"><section class=\"nav_menu-13 widget_nav_menu\"><h3>\u00c1REAS DO LABORAT\u00d3RIO<\/h3><div class=\"menu-areas-do-laboratorio-container\"><ul id=\"menu-areas-do-laboratorio\" class=\"menu\"><li id=\"menu-item-763\" class=\"menu-item menu-item-type-post_type menu-item-object-page menu-item-763\"><a href=\"https:\/\/www.laboratoriotello.com\/pt\/servicos\/fisico-quimica\/\">Fisicoqu\u00edmica<\/a><\/li>\n<li id=\"menu-item-770\" class=\"menu-item menu-item-type-post_type menu-item-object-page menu-item-770\"><a href=\"https:\/\/www.laboratoriotello.com\/pt\/servicos\/avaliacao-organoletica\/\">Avalia\u00e7\u00e3o Organol\u00e9tica<\/a><\/li>\n<li id=\"menu-item-769\" class=\"menu-item menu-item-type-post_type menu-item-object-page menu-item-769\"><a href=\"https:\/\/www.laboratoriotello.com\/pt\/servicos\/consultoria-e-formacao\/\">Consultoria e Forma\u00e7\u00e3o<\/a><\/li>\n<\/ul><\/div><\/section><section class=\"nav_menu-14 widget_nav_menu\"><h3>ANALISAMOS<\/h3><div class=\"menu-analisamos-container\"><ul id=\"menu-analisamos\" class=\"menu\"><li id=\"menu-item-795\" class=\"menu-item menu-item-type-post_type menu-item-object-page menu-item-795\"><a href=\"https:\/\/www.laboratoriotello.com\/pt\/analise\/azeite\/\">Azeite<\/a><\/li>\n<li id=\"menu-item-794\" class=\"menu-item menu-item-type-post_type menu-item-object-page menu-item-794\"><a href=\"https:\/\/www.laboratoriotello.com\/pt\/analise\/oleos-vegetais\/\">\u00d3leos Vegetais<\/a><\/li>\n<li id=\"menu-item-812\" class=\"menu-item menu-item-type-post_type menu-item-object-page menu-item-812\"><a href=\"https:\/\/www.laboratoriotello.com\/pt\/analise\/azeitona\/\">Azeitona e Baga\u00e7o de Azeitona<\/a><\/li>\n<li id=\"menu-item-810\" class=\"menu-item menu-item-type-post_type menu-item-object-page menu-item-810\"><a href=\"https:\/\/www.laboratoriotello.com\/pt\/analise\/sementes-oleaginosas\/\">Sementes Oleaginosas e Gorduras nos Alimentos<\/a><\/li>\n<\/ul><\/div><\/section><\/div><!-- \/tailor:tailor_widgets:664db8663524d --><\/div>\n<!-- \/tailor:tailor_column:664db8663524c --><!-- tailor:tailor_column:664db8663524f -->\n<div class=\"tailor-column tailor-664db8663524f\"><!-- tailor:tailor_content:664db8663524e -->\n<div class=\"tailor-element tailor-content tailor-664db8663524e\">\n<div class=\"container\">\n<h1 style=\"text-align: left\"><span style=\"color: #036543\">Sementes Oleaginosas<\/span><\/h1>\n<p class=\"Default\" style=\"text-align: left\"><span>No Laborat\u00f3rio Tello fazemos an\u00e1lises a Sementes Oleaginosas. Analisamos uma ampla gama de par\u00e2metros, utilizando a tecnologia mais avan\u00e7ada para garantir os resultados dos nossos testes.<br \/><\/span><\/p>\n<p class=\"Default\" style=\"text-align: left\">As determina\u00e7\u00f5es mais solicitadas pelos nossos clientes em an\u00e1lise de oleaginosas s\u00e3o:<\/p>\n<ul>\n<li style=\"font-weight: 400\"><span style=\"font-weight: 400\">* HUMIDADE NAS SEMENTES<\/span><\/li>\n<li style=\"font-weight: 400\"><span style=\"font-weight: 400\">* IMPUREZAS NAS SEMENTES<\/span><\/li>\n<li style=\"font-weight: 400\"><span style=\"font-weight: 400\">GORDURA POR GRAVIMETRIA (SOXHLET)\u00a0<\/span><\/li>\n<li style=\"font-weight: 400\"><span style=\"font-weight: 400\">GORDURA POR RESSON\u00c2NCIA MAGN\u00c9TICA NUCLEAR (RMN)<\/span><\/li>\n<li style=\"font-weight: 400\"><span style=\"font-weight: 400\">*GORDURA (0:0)\u00a0<\/span><\/li>\n<li style=\"font-weight: 400\"><span style=\"font-weight: 400\">* GORDURA (9:2)<\/span><\/li>\n<\/ul>\n<\/div>\n<\/div>\n<!-- \/tailor:tailor_content:664db8663524e --><!-- tailor:tailor_button:664db8663524g -->\n<div class=\"tailor-element tailor-button tailor-button--default tailor-664db8663524g tailor-button--medium tailor-button--medium-mobile tailor-button--medium-tablet u-text-center\"><a class=\"tailor-button__inner\" href=\"https:\/\/www.laboratoriotello.com\/pt\/wp-content\/uploads\/sites\/125\/2024\/05\/PC01-PD01-F1-SOLICITUD-ANALISIS-Semillas-Ingles.pdf\" target=\"_blank\" rel=\"noopener\"><i class=\"dashicons dashicons-download\"><\/i><span>Solicitar an\u00e1lise de sementes oleaginosas<span><\/a><\/div>\n<!-- \/tailor:tailor_button:664db8663524g --><!-- tailor:tailor_button:664db8663524h -->\n<div class=\"tailor-element tailor-button tailor-button--default tailor-664db8663524h tailor-button--small tailor-button--medium-mobile tailor-button--medium-tablet u-text-center\"><a class=\"tailor-button__inner\" href=\"https:\/\/www.laboratoriotello.com\/en\/contact\/\" target=\"_blank\" rel=\"noopener\"><i class=\"dashicons dashicons-warning\"><\/i><span>Se desejar analizar outras determina\u00e7\u00f5es, por favor contacte-nos aqui<span><\/a><\/div>\n<!-- \/tailor:tailor_button:664db8663524h --><!-- tailor:tailor_content:664db8663524i -->\n<div class=\"tailor-element tailor-content tailor-664db8663524i\">\n<div class=\"container\">\n<h1><span style=\"color: #036543\">Gorduras nos Alimentos<\/span><\/h1>\n<p class=\"Default\"><span>No Laborat\u00f3rio Tello fazemos an\u00e1lises de gordura nos alimentos. Analisamos uma ampla gama de par\u00e2metros, utilizando a tecnologia mais avan\u00e7ada para garantir os resultados dos nossos testes.<\/span><\/p>\n<p>A partir da gordura extra\u00edda \u00e9 poss\u00edvel fazer todas as determina\u00e7\u00f5es para o azeite ou sementes oleaginosas.<\/p>\n<p class=\"Default\">Por \u00e1reas, as determina\u00e7\u00f5es mais solicitadas pelos nossos clientes relativamente \u00e0s gorduras nos alimentos s\u00e3o:<\/p>\n<ul>\n<li style=\"font-weight: 400\"><span style=\"font-weight: 400\">* GORDURA POR GRAVIMETRIA (SOXHLET)<\/span><\/li>\n<li style=\"font-weight: 400\"><span style=\"font-weight: 400\">* COMPOSI\u00c7\u00c3O DOS \u00c1CIDOS GORDOS<\/span><\/li>\n<li style=\"font-weight: 400\"><span style=\"font-weight: 400\">* COMPOSI\u00c7\u00c3O DE ESTER\u00d3IS E EST. TOTAIS<\/span><\/li>\n<\/ul>\n<p><span style=\"color: #036543\"><strong>Contaminantes<\/strong><\/span><\/p>\n<ul>\n<li style=\"font-weight: 400\"><span style=\"font-weight: 400\">* PESTICIDAS<\/span><\/li>\n<li style=\"font-weight: 400\"><span style=\"font-weight: 400\">* HIDROCARBONETOS AROM\u00c1TICOS POLIC\u00cdCLICOS (HAP)<\/span><\/li>\n<li style=\"font-weight: 400\"><span style=\"font-weight: 400\">* DERIVADOS HALOGENADOS<\/span><\/li>\n<li style=\"font-weight: 400\"><span style=\"font-weight: 400\">* DIQUAT<\/span><\/li>\n<li style=\"font-weight: 400\"><span style=\"font-weight: 400\">* PCB&#8217;s<\/span><\/li>\n<li style=\"font-weight: 400\"><span style=\"font-weight: 400\">* DIOXINAS E PCB\u2019s SIMILARES A DIOXINAS<\/span><\/li>\n<li style=\"font-weight: 400\"><span style=\"font-weight: 400\">* HIDROCARBONETOS ALIF\u00c1TICOS<\/span><\/li>\n<li style=\"font-weight: 400\"><span style=\"font-weight: 400\">* HEXANO<\/span><\/li>\n<li style=\"font-weight: 400\"><span style=\"font-weight: 400\">* FTALATOS<\/span><\/li>\n<li style=\"font-weight: 400\"><span style=\"font-weight: 400\">* AFLATOXINAS<\/span><\/li>\n<li style=\"font-weight: 400\"><span style=\"font-weight: 400\">* RES\u00cdDUO SOLVENTE<\/span><\/li>\n<li style=\"font-weight: 400\"><span style=\"font-weight: 400\">* MOSH E MOAH (hidrocarbonetos de \u00f3leo mineral saturado e arom\u00e1tico)<\/span><\/li>\n<li style=\"font-weight: 400\"><span style=\"font-weight: 400\">* \u00c9STERES GLICID\u00cdLICOS (3-MCPD, 2-MCPD E \u00c9STER DE GLICIDOL)<\/span><\/li>\n<li style=\"font-weight: 400\"><span style=\"font-weight: 400\">* MELAMINA\/CIROMAZINA<\/span><\/li>\n<li style=\"font-weight: 400\"><span style=\"font-weight: 400\">* BISFENOL A<\/span><\/li>\n<\/ul>\n<\/div>\n<\/div>\n<!-- \/tailor:tailor_content:664db8663524i --><!-- tailor:tailor_button:664db8663524j -->\n<div class=\"tailor-element tailor-button tailor-button--default tailor-664db8663524j tailor-button--medium tailor-button--medium-mobile tailor-button--medium-tablet u-text-center\"><a class=\"tailor-button__inner\" href=\"https:\/\/www.laboratoriotello.com\/pt\/wp-content\/uploads\/sites\/125\/2024\/05\/PC01-PD01-F1-SOLICITUD-ANALISIS-ACEITE-Y-GRASAS-ANIMALES-iNGLES.pdf\" target=\"_blank\" rel=\"noopener\"><i class=\"dashicons dashicons-download\"><\/i><span>Solicitar an\u00e1lise a gorduras nos alimentos<span><\/a><\/div>\n<!-- \/tailor:tailor_button:664db8663524j --><!-- tailor:tailor_button:664db8663524k -->\n<div class=\"tailor-element tailor-button tailor-button--default tailor-664db8663524k tailor-button--small tailor-button--medium-mobile tailor-button--medium-tablet u-text-center\"><a class=\"tailor-button__inner\" href=\"https:\/\/www.laboratoriotello.com\/en\/contact\/\" target=\"_blank\" rel=\"noopener\"><i class=\"dashicons dashicons-warning\"><\/i><span>Se desejar analizar outras determina\u00e7\u00f5es, por favor contacte-nos aqui<span><\/a><\/div>\n<!-- \/tailor:tailor_button:664db8663524k --><\/div>\n<!-- \/tailor:tailor_column:664db8663524f --><\/div>\n<!-- \/tailor:tailor_row:664db8663524b --><\/div>\n<\/div>\n<!-- \/tailor:tailor_section:664db8663524a -->\n","protected":false},"excerpt":{"rendered":"<p>Sementes Oleaginosas No Laborat\u00f3rio Tello fazemos an\u00e1lises a Sementes Oleaginosas. Analisamos uma ampla gama de par\u00e2metros, utilizando a tecnologia mais avan\u00e7ada para garantir os resultados dos nossos testes. As determina\u00e7\u00f5es mais solicitadas pelos nossos clientes em an\u00e1lise de oleaginosas s\u00e3o: * HUMIDADE NAS SEMENTES * IMPUREZAS NAS SEMENTES GORDURA POR GRAVIMETRIA (SOXHLET)\u00a0 GORDURA POR RESSON\u00c2NCIA<\/p>\n","protected":false},"author":15,"featured_media":829,"parent":783,"menu_order":0,"comment_status":"closed","ping_status":"closed","template":"","meta":{"inline_featured_image":false},"acf":false,"_links":{"self":[{"href":"https:\/\/www.laboratoriotello.com\/pt\/wp-json\/wp\/v2\/pages\/806"}],"collection":[{"href":"https:\/\/www.laboratoriotello.com\/pt\/wp-json\/wp\/v2\/pages"}],"about":[{"href":"https:\/\/www.laboratoriotello.com\/pt\/wp-json\/wp\/v2\/types\/page"}],"author":[{"embeddable":true,"href":"https:\/\/www.laboratoriotello.com\/pt\/wp-json\/wp\/v2\/users\/15"}],"replies":[{"embeddable":true,"href":"https:\/\/www.laboratoriotello.com\/pt\/wp-json\/wp\/v2\/comments?post=806"}],"version-history":[{"count":25,"href":"https:\/\/www.laboratoriotello.com\/pt\/wp-json\/wp\/v2\/pages\/806\/revisions"}],"predecessor-version":[{"id":1680,"href":"https:\/\/www.laboratoriotello.com\/pt\/wp-json\/wp\/v2\/pages\/806\/revisions\/1680"}],"up":[{"embeddable":true,"href":"https:\/\/www.laboratoriotello.com\/pt\/wp-json\/wp\/v2\/pages\/783"}],"wp:featuredmedia":[{"embeddable":true,"href":"https:\/\/www.laboratoriotello.com\/pt\/wp-json\/wp\/v2\/media\/829"}],"wp:attachment":[{"href":"https:\/\/www.laboratoriotello.com\/pt\/wp-json\/wp\/v2\/media?parent=806"}],"curies":[{"name":"wp","href":"https:\/\/api.w.org\/{rel}","templated":true}]}}