{"id":800,"date":"2018-09-13T10:32:49","date_gmt":"2018-09-13T10:32:49","guid":{"rendered":"http:\/\/www.tentamus.com\/ja-tello-en\/?page_id=800"},"modified":"2024-05-22T09:17:34","modified_gmt":"2024-05-22T09:17:34","slug":"azeitona","status":"publish","type":"page","link":"https:\/\/www.laboratoriotello.com\/pt\/analise\/azeitona\/","title":{"rendered":"Azeitona"},"content":{"rendered":"<!-- tailor:tailor_section:664db82ea5a59 -->\n<div class=\"tailor-element tailor-section tailor-664db82ea5a59\">\n<div class=\"tailor-section__content\"><!-- tailor:tailor_row:664db82ea5a60 -->\n<div class=\"tailor-element tailor-row tablet-columns tailor-664db82ea5a60\"><!-- tailor:tailor_column:664db82ea5a61 -->\n<div class=\"tailor-column tailor-664db82ea5a61\"><!-- tailor:tailor_widgets:664db82ea5a62 --><div  class=\"tailor-element tailor-widget-area service_custom_menu  tailor-664db82ea5a62\"><section class=\"nav_menu-13 widget_nav_menu\"><h3>\u00c1REAS DO LABORAT\u00d3RIO<\/h3><div class=\"menu-areas-do-laboratorio-container\"><ul id=\"menu-areas-do-laboratorio\" class=\"menu\"><li id=\"menu-item-763\" class=\"menu-item menu-item-type-post_type menu-item-object-page menu-item-763\"><a href=\"https:\/\/www.laboratoriotello.com\/pt\/servicos\/fisico-quimica\/\">Fisicoqu\u00edmica<\/a><\/li>\n<li id=\"menu-item-770\" class=\"menu-item menu-item-type-post_type menu-item-object-page menu-item-770\"><a href=\"https:\/\/www.laboratoriotello.com\/pt\/servicos\/avaliacao-organoletica\/\">Avalia\u00e7\u00e3o Organol\u00e9tica<\/a><\/li>\n<li id=\"menu-item-769\" class=\"menu-item menu-item-type-post_type menu-item-object-page menu-item-769\"><a href=\"https:\/\/www.laboratoriotello.com\/pt\/servicos\/consultoria-e-formacao\/\">Consultoria e Forma\u00e7\u00e3o<\/a><\/li>\n<\/ul><\/div><\/section><section class=\"nav_menu-14 widget_nav_menu\"><h3>ANALISAMOS<\/h3><div class=\"menu-analisamos-container\"><ul id=\"menu-analisamos\" class=\"menu\"><li id=\"menu-item-795\" class=\"menu-item menu-item-type-post_type menu-item-object-page menu-item-795\"><a href=\"https:\/\/www.laboratoriotello.com\/pt\/analise\/azeite\/\">Azeite<\/a><\/li>\n<li id=\"menu-item-794\" class=\"menu-item menu-item-type-post_type menu-item-object-page menu-item-794\"><a href=\"https:\/\/www.laboratoriotello.com\/pt\/analise\/oleos-vegetais\/\">\u00d3leos Vegetais<\/a><\/li>\n<li id=\"menu-item-812\" class=\"menu-item menu-item-type-post_type menu-item-object-page menu-item-812\"><a href=\"https:\/\/www.laboratoriotello.com\/pt\/analise\/azeitona\/\">Azeitona e Baga\u00e7o de Azeitona<\/a><\/li>\n<li id=\"menu-item-810\" class=\"menu-item menu-item-type-post_type menu-item-object-page menu-item-810\"><a href=\"https:\/\/www.laboratoriotello.com\/pt\/analise\/sementes-oleaginosas\/\">Sementes Oleaginosas e Gorduras nos Alimentos<\/a><\/li>\n<\/ul><\/div><\/section><\/div><!-- \/tailor:tailor_widgets:664db82ea5a62 --><\/div>\n<!-- \/tailor:tailor_column:664db82ea5a61 --><!-- tailor:tailor_column:664db82ea5a64 -->\n<div class=\"tailor-column tailor-664db82ea5a64\"><!-- tailor:tailor_content:664db82ea5a63 -->\n<div class=\"tailor-element tailor-content tailor-664db82ea5a63\">\n<div class=\"container\">\n<h1><span style=\"color: #036543\">Azeitona<\/span><\/h1>\n<p class=\"Default\" style=\"text-align: justify\"><span>No Laborat\u00f3rio Tello realizamos an\u00e1lises de azeitona. Analisamos uma ampla gama de par\u00e2metros, utilizando a tecnologia mais avan\u00e7ada para garantir os resultados dos nossos testes.<\/span><\/p>\n<p>A partir do \u00f3leo extra\u00eddo \u00e9 poss\u00edvel fazer todas as determina\u00e7\u00f5es para o azeite.<\/p>\n<p class=\"Default\" style=\"text-align: justify\">As determina\u00e7\u00f5es mais solicitadas pelos nossos clientes em an\u00e1lises de azeitona s\u00e3o:<\/p>\n<ul>\n<li style=\"font-weight: 400\"><span style=\"font-weight: 400\">GORDURA POR GRAVIMETRIA (SOXHLET)\u00a0<\/span><\/li>\n<li style=\"font-weight: 400\"><span style=\"font-weight: 400\">GORDURA POR RESSON\u00c2NCIA MAGN\u00c9TICA NUCLEAR (RMN)<\/span><\/li>\n<li style=\"font-weight: 400\"><span style=\"font-weight: 400\">GORDURA SOBRE MAT\u00c9RIA SECA (GSMS)<\/span><\/li>\n<li style=\"font-weight: 400\"><span style=\"font-weight: 400\">RENDIMENTO INDUSTRIAL ESTIMADO (R.I.E.)<\/span><\/li>\n<li style=\"font-weight: 400\"><span style=\"font-weight: 400\">HUMIDADE E MATERIAIS VOL\u00c1TEIS POR GRAVIMETRIA<\/span><\/li>\n<li style=\"font-weight: 400\"><span style=\"font-weight: 400\">ACIDEZ POR EXTRA\u00c7\u00c3O QU\u00cdMICA<\/span><\/li>\n<li style=\"font-weight: 400\"><span style=\"font-weight: 400\">\u00cdNDICE DE MATURA\u00c7\u00c3O<\/span><\/li>\n<\/ul>\n<p><span style=\"color: #036543\"><strong>Contaminantes<\/strong><\/span><\/p>\n<ul>\n<li style=\"font-weight: 400\"><span style=\"font-weight: 400\">MULTI-RES\u00cdDUOS (PESTICIDAS)<\/span><\/li>\n<li style=\"font-weight: 400\"><span style=\"font-weight: 400\">HIDROCARBONETOS AROM\u00c1TICOS POLIC\u00cdCLICOS\u00a0<\/span><\/li>\n<li style=\"font-weight: 400\"><span style=\"font-weight: 400\">METAIS PESADOS<\/span><\/li>\n<\/ul>\n<\/div>\n<\/div>\n<!-- \/tailor:tailor_content:664db82ea5a63 --><!-- tailor:tailor_button:664db82ea5a65 -->\n<div class=\"tailor-element tailor-button tailor-button--default tailor-664db82ea5a65 tailor-button--medium tailor-button--medium-mobile tailor-button--medium-tablet u-text-center\"><a class=\"tailor-button__inner\" href=\"https:\/\/www.laboratoriotello.com\/pt\/wp-content\/uploads\/sites\/125\/2024\/05\/PC01-PD01-F1-SOLICITUD-ANALISIS-ACE-Ingles.pdf\" target=\"_blank\" rel=\"noopener\"><i class=\"dashicons dashicons-download\"><\/i><span>Solicitar An\u00e1lise de Azeitonas<span><\/a><\/div>\n<!-- \/tailor:tailor_button:664db82ea5a65 --><!-- tailor:tailor_button:664db82ea5a66 -->\n<div class=\"tailor-element tailor-button tailor-button--default tailor-664db82ea5a66 tailor-button--small tailor-button--medium-mobile tailor-button--medium-tablet u-text-center\"><a class=\"tailor-button__inner\" href=\"https:\/\/www.laboratoriotello.com\/en\/contact\/\" target=\"_blank\" rel=\"noopener\"><i class=\"dashicons dashicons-warning\"><\/i><span>Se quiser analisar alguma outra determina\u00e7\u00e3o, por favor, contacte-nos aqui.<span><\/a><\/div>\n<!-- \/tailor:tailor_button:664db82ea5a66 --><!-- tailor:tailor_content:664db82ea5a67 -->\n<div class=\"tailor-element tailor-content tailor-664db82ea5a67\">\n<div class=\"container\">\n<h1><span style=\"color: #036543\">Baga\u00e7o de Azeite<\/span><\/h1>\n<p class=\"Default\"><span>No Laborat\u00f3rio Tello fazemos an\u00e1lises ao baga\u00e7o de azeite. Analisamos uma ampla gama de par\u00e2metros, utilizando a tecnologia mais avan\u00e7ada para garantir os resultados dos nossos testes.<\/span><\/p>\n<p class=\"Default\">As determina\u00e7\u00f5es mais solicitadas pelos nossos clientes em an\u00e1lises ao baga\u00e7o s\u00e3o:<\/p>\n<ul>\n<li style=\"font-weight: 400\"><span style=\"font-weight: 400\">GORDURA POR GRAVIMETRIA (SOXHLET)\u00a0<\/span><\/li>\n<li style=\"font-weight: 400\"><span style=\"font-weight: 400\">GORDURA POR RESSON\u00c2NCIA MAGN\u00c9TICA NUCLEAR (RMN)<\/span><\/li>\n<li style=\"font-weight: 400\"><span style=\"font-weight: 400\">HUMIDADE E MATERIAIS VOL\u00c1TEIS NO BAGA\u00c7O<\/span><\/li>\n<li style=\"font-weight: 400\"><span style=\"font-weight: 400\">GORDURA SOBRE MAT\u00c9RIA SECA (GSMS)<\/span><\/li>\n<li style=\"font-weight: 400\"><span style=\"font-weight: 400\">* GRAU DE ACIDEZ<\/span><\/li>\n<li style=\"font-weight: 400\"><span style=\"font-weight: 400\">\u00a0* GRANULOMETRIA (% DE CARO\u00c7O)<\/span><\/li>\n<\/ul>\n<p><span style=\"color: #036543\"><strong>An\u00e1lise de Contaminantes<\/strong><\/span><\/p>\n<ul>\n<li style=\"font-weight: 400\"><span style=\"font-weight: 400\">PESTICIDAS<\/span><\/li>\n<li style=\"font-weight: 400\"><span style=\"font-weight: 400\">HIDROCARBONETOS AROM\u00c1TICOS POLIC\u00cdCLICOS <\/span><\/li>\n<\/ul>\n<\/div>\n<\/div>\n<!-- \/tailor:tailor_content:664db82ea5a67 --><!-- tailor:tailor_button:664db82ea5a68 -->\n<div class=\"tailor-element tailor-button tailor-button--default tailor-664db82ea5a68 tailor-button--medium tailor-button--medium-mobile tailor-button--medium-tablet u-text-center\"><a class=\"tailor-button__inner\" href=\"https:\/\/www.laboratoriotello.com\/pt\/wp-content\/uploads\/sites\/125\/2024\/05\/PC01-PD01-F1-SOLICITUD-ANALISIS-Oru-Ingles.pdf\" target=\"_blank\" rel=\"noopener\"><i class=\"dashicons dashicons-download\"><\/i><span>Solicitar An\u00e1lise de Baga\u00e7o de Azeitonas<span><\/a><\/div>\n<!-- \/tailor:tailor_button:664db82ea5a68 --><!-- tailor:tailor_button:664db82ea5a69 -->\n<div class=\"tailor-element tailor-button tailor-button--default tailor-664db82ea5a69 tailor-button--small tailor-button--medium-mobile tailor-button--medium-tablet u-text-center\"><a class=\"tailor-button__inner\" href=\"https:\/\/www.laboratoriotello.com\/en\/contact\/\" target=\"_blank\" rel=\"noopener\"><i class=\"dashicons dashicons-warning\"><\/i><span>Se quiser analisar alguma outra determina\u00e7\u00e3o, por favor, contacte-nos aqui<span><\/a><\/div>\n<!-- \/tailor:tailor_button:664db82ea5a69 --><\/div>\n<!-- \/tailor:tailor_column:664db82ea5a64 --><\/div>\n<!-- \/tailor:tailor_row:664db82ea5a60 --><\/div>\n<\/div>\n<!-- \/tailor:tailor_section:664db82ea5a59 -->\n","protected":false},"excerpt":{"rendered":"<p>Azeitona No Laborat\u00f3rio Tello realizamos an\u00e1lises de azeitona. Analisamos uma ampla gama de par\u00e2metros, utilizando a tecnologia mais avan\u00e7ada para garantir os resultados dos nossos testes. A partir do \u00f3leo extra\u00eddo \u00e9 poss\u00edvel fazer todas as determina\u00e7\u00f5es para o azeite. As determina\u00e7\u00f5es mais solicitadas pelos nossos clientes em an\u00e1lises de azeitona s\u00e3o: GORDURA POR GRAVIMETRIA<\/p>\n","protected":false},"author":15,"featured_media":829,"parent":783,"menu_order":0,"comment_status":"closed","ping_status":"closed","template":"","meta":{"inline_featured_image":false},"acf":false,"_links":{"self":[{"href":"https:\/\/www.laboratoriotello.com\/pt\/wp-json\/wp\/v2\/pages\/800"}],"collection":[{"href":"https:\/\/www.laboratoriotello.com\/pt\/wp-json\/wp\/v2\/pages"}],"about":[{"href":"https:\/\/www.laboratoriotello.com\/pt\/wp-json\/wp\/v2\/types\/page"}],"author":[{"embeddable":true,"href":"https:\/\/www.laboratoriotello.com\/pt\/wp-json\/wp\/v2\/users\/15"}],"replies":[{"embeddable":true,"href":"https:\/\/www.laboratoriotello.com\/pt\/wp-json\/wp\/v2\/comments?post=800"}],"version-history":[{"count":19,"href":"https:\/\/www.laboratoriotello.com\/pt\/wp-json\/wp\/v2\/pages\/800\/revisions"}],"predecessor-version":[{"id":1679,"href":"https:\/\/www.laboratoriotello.com\/pt\/wp-json\/wp\/v2\/pages\/800\/revisions\/1679"}],"up":[{"embeddable":true,"href":"https:\/\/www.laboratoriotello.com\/pt\/wp-json\/wp\/v2\/pages\/783"}],"wp:featuredmedia":[{"embeddable":true,"href":"https:\/\/www.laboratoriotello.com\/pt\/wp-json\/wp\/v2\/media\/829"}],"wp:attachment":[{"href":"https:\/\/www.laboratoriotello.com\/pt\/wp-json\/wp\/v2\/media?parent=800"}],"curies":[{"name":"wp","href":"https:\/\/api.w.org\/{rel}","templated":true}]}}