{"id":791,"date":"2018-09-13T08:57:59","date_gmt":"2018-09-13T08:57:59","guid":{"rendered":"http:\/\/www.tentamus.com\/ja-tello-en\/?page_id=791"},"modified":"2024-05-22T09:16:12","modified_gmt":"2024-05-22T09:16:12","slug":"oleos-vegetais","status":"publish","type":"page","link":"https:\/\/www.laboratoriotello.com\/pt\/analise\/oleos-vegetais\/","title":{"rendered":"\u00d3leos Vegetais"},"content":{"rendered":"<!-- tailor:tailor_section:664db7dc7d0fd -->\n<div class=\"tailor-element tailor-section tailor-664db7dc7d0fd\">\n<div class=\"tailor-section__content\"><!-- tailor:tailor_row:664db7dc7d0fe -->\n<div class=\"tailor-element tailor-row tablet-columns tailor-664db7dc7d0fe\"><!-- tailor:tailor_column:664db7dc7d0ff -->\n<div class=\"tailor-column tailor-664db7dc7d0ff\"><!-- tailor:tailor_widgets:664db7dc7d0fg --><div  class=\"tailor-element tailor-widget-area service_custom_menu  tailor-664db7dc7d0fg\"><section class=\"nav_menu-13 widget_nav_menu\"><h3>\u00c1REAS DO LABORAT\u00d3RIO<\/h3><div class=\"menu-areas-do-laboratorio-container\"><ul id=\"menu-areas-do-laboratorio\" class=\"menu\"><li id=\"menu-item-763\" class=\"menu-item menu-item-type-post_type menu-item-object-page menu-item-763\"><a href=\"https:\/\/www.laboratoriotello.com\/pt\/servicos\/fisico-quimica\/\">Fisicoqu\u00edmica<\/a><\/li>\n<li id=\"menu-item-770\" class=\"menu-item menu-item-type-post_type menu-item-object-page menu-item-770\"><a href=\"https:\/\/www.laboratoriotello.com\/pt\/servicos\/avaliacao-organoletica\/\">Avalia\u00e7\u00e3o Organol\u00e9tica<\/a><\/li>\n<li id=\"menu-item-769\" class=\"menu-item menu-item-type-post_type menu-item-object-page menu-item-769\"><a href=\"https:\/\/www.laboratoriotello.com\/pt\/servicos\/consultoria-e-formacao\/\">Consultoria e Forma\u00e7\u00e3o<\/a><\/li>\n<\/ul><\/div><\/section><section class=\"nav_menu-14 widget_nav_menu\"><h3>ANALISAMOS<\/h3><div class=\"menu-analisamos-container\"><ul id=\"menu-analisamos\" class=\"menu\"><li id=\"menu-item-795\" class=\"menu-item menu-item-type-post_type menu-item-object-page menu-item-795\"><a href=\"https:\/\/www.laboratoriotello.com\/pt\/analise\/azeite\/\">Azeite<\/a><\/li>\n<li id=\"menu-item-794\" class=\"menu-item menu-item-type-post_type menu-item-object-page menu-item-794\"><a href=\"https:\/\/www.laboratoriotello.com\/pt\/analise\/oleos-vegetais\/\">\u00d3leos Vegetais<\/a><\/li>\n<li id=\"menu-item-812\" class=\"menu-item menu-item-type-post_type menu-item-object-page menu-item-812\"><a href=\"https:\/\/www.laboratoriotello.com\/pt\/analise\/azeitona\/\">Azeitona e Baga\u00e7o de Azeitona<\/a><\/li>\n<li id=\"menu-item-810\" class=\"menu-item menu-item-type-post_type menu-item-object-page menu-item-810\"><a href=\"https:\/\/www.laboratoriotello.com\/pt\/analise\/sementes-oleaginosas\/\">Sementes Oleaginosas e Gorduras nos Alimentos<\/a><\/li>\n<\/ul><\/div><\/section><\/div><!-- \/tailor:tailor_widgets:664db7dc7d0fg --><\/div>\n<!-- \/tailor:tailor_column:664db7dc7d0ff --><!-- tailor:tailor_column:664db7dc7d0fi -->\n<div class=\"tailor-column tailor-664db7dc7d0fi\"><!-- tailor:tailor_content:664db7dc7d0fh -->\n<div class=\"tailor-element tailor-content tailor-664db7dc7d0fh\">\n<div class=\"container\">\n<h1><span style=\"color: #036543\">\u00d3leos Vegetais<\/span><\/h1>\n<p class=\"Default\" style=\"text-align: justify\"><span>No Laborat\u00f3rio Tello realizamos an\u00e1lises de \u00f3leos de sementes\/\u00f3leos vegetais. Analisamos uma ampla gama de par\u00e2metros, utilizando a tecnologia mais avan\u00e7ada para garantir os resultados dos nossos testes.<br \/>\n<\/span><\/p>\n<p class=\"Default\" style=\"text-align: justify\">Por \u00e1reas, as determina\u00e7\u00f5es mais solicitadas pelos nossos clientes em rela\u00e7\u00e3o ao \u00f3leo de sementes s\u00e3o:<\/p>\n<\/div>\n<\/div>\n<!-- \/tailor:tailor_content:664db7dc7d0fh --><!-- tailor:tailor_toggles:664db7dc7d0fk -->\n<div class=\"tailor-element tailor-toggles tailor-664db7dc7d0fk\"><!-- tailor:tailor_toggle:664db7dc7d0fj -->\n<div class=\"tailor-toggle tailor-664db7dc7d0fj\">\n<h3 class=\"tailor-toggle__title\"><i class=\"dashicons dashicons-plus-alt\"><\/i>Qualidade<\/h3>\n<div class=\"tailor-toggle__body\"><!-- tailor:tailor_content:664db7dc7d0fl -->\n<div class=\"tailor-element tailor-content tailor-664db7dc7d0fl\">\n<ul>\n<li style=\"font-weight: 400\"><span style=\"font-weight: 400\">GRAU DE ACIDEZ<\/span><\/li>\n<li style=\"font-weight: 400\"><span style=\"font-weight: 400\">\u00cdNDICE DE PER\u00d3XIDOS<\/span><\/li>\n<li style=\"font-weight: 400\"><span style=\"font-weight: 400\">AN\u00c1LISE ESPECTROFOTOM\u00c9TRICA K270, K232, \u0394K<\/span><\/li>\n<li style=\"font-weight: 400\"><span style=\"font-weight: 400\">HUMIDADE E MAT\u00c9RIAS VOL\u00c1TEIS<\/span><\/li>\n<li style=\"font-weight: 400\"><span style=\"font-weight: 400\">IMPUREZAS INSOL\u00daVEIS<\/span><\/li>\n<li style=\"font-weight: 400\"><span style=\"font-weight: 400\">* RES\u00cdDUO DE SAB\u00c3O<\/span><\/li>\n<li style=\"font-weight: 400\"><span style=\"font-weight: 400\">\u00a0 \u00a0\u00cdNDICE DE COR LOVIBON<\/span><\/li>\n<li style=\"font-weight: 400\"><span style=\"font-weight: 400\">\u00a0 \u00a0\u00cdNDICE DE SAPONIFICA\u00c7\u00c3O<\/span><\/li>\n<li style=\"font-weight: 400\"><span style=\"font-weight: 400\">* \u00cdNDICE DE BELLIER (MET. Ac. CLOR\u00cdDRICO)<\/span><\/li>\n<li style=\"font-weight: 400\"><span style=\"font-weight: 400\">* REA\u00c7\u00c3O DE HALPHEN<\/span><\/li>\n<li style=\"font-weight: 400\"><span style=\"font-weight: 400\">* PROVA DE FRIO<\/span><\/li>\n<li style=\"font-weight: 400\"><span style=\"font-weight: 400\">\u00a0 \u00a0\u00cdNDICE DE REFRA\u00c7\u00c3O<\/span><\/li>\n<li style=\"font-weight: 400\"><span style=\"font-weight: 400\">\u00a0 \u00a0\u00cdNDICE DE IODO (M\u00c9TODO HANUS)<\/span><\/li>\n<li style=\"font-weight: 400\"><span style=\"font-weight: 400\">* CARACTER\u00cdSTICAS ORGANOL\u00c9TICAS (ASPETO, CHEIRO E SABOR)<\/span><\/li>\n<\/ul>\n<ul><\/ul>\n<\/div>\n<!-- \/tailor:tailor_content:664db7dc7d0fl --><\/div>\n<\/div>\n<!-- \/tailor:tailor_toggle:664db7dc7d0fj --><!-- tailor:tailor_toggle:664db7dc7d0fn -->\n<div class=\"tailor-toggle tailor-664db7dc7d0fn\">\n<h3 class=\"tailor-toggle__title\"><i class=\"dashicons dashicons-plus-alt\"><\/i>Pureza<\/h3>\n<div class=\"tailor-toggle__body\"><!-- tailor:tailor_content:664db7dc7d0fm -->\n<div class=\"tailor-element tailor-content tailor-664db7dc7d0fm\">\n<ul>\n<li style=\"font-weight: 400\"><span style=\"font-weight: 400\">COMPOSI\u00c7\u00c3O DOS \u00c1CIDOS GORDOS<\/span><\/li>\n<li style=\"font-weight: 400\"><span style=\"font-weight: 400\">COMPOSI\u00c7\u00c3O DE ESTER\u00d3IS E EST. TOTAIS<\/span><\/li>\n<\/ul>\n<\/div>\n<!-- \/tailor:tailor_content:664db7dc7d0fm --><\/div>\n<\/div>\n<!-- \/tailor:tailor_toggle:664db7dc7d0fn --><!-- tailor:tailor_toggle:664db7dc7d0fp -->\n<div class=\"tailor-toggle tailor-664db7dc7d0fp\">\n<h3 class=\"tailor-toggle__title\"><i class=\"dashicons dashicons-plus-alt\"><\/i>Contaminantes<\/h3>\n<div class=\"tailor-toggle__body\"><!-- tailor:tailor_content:664db7dc7d0fo -->\n<div class=\"tailor-element tailor-content tailor-664db7dc7d0fo\">\n<ul>\n<li style=\"font-weight: 400\"><span style=\"font-weight: 400\">PESTICIDAS<\/span><\/li>\n<li style=\"font-weight: 400\"><span style=\"font-weight: 400\">HIDROCARBONETOS AROM\u00c1TICOS POLIC\u00cdCLICOS (HAP)<\/span><\/li>\n<li style=\"font-weight: 400\"><span style=\"font-weight: 400\">* DERIVADOS HALOGENADOS<\/span><\/li>\n<li style=\"font-weight: 400\"><span style=\"font-weight: 400\">* DIQUAT<\/span><\/li>\n<li style=\"font-weight: 400\"><span style=\"font-weight: 400\">* METAIS<\/span><\/li>\n<li style=\"font-weight: 400\"><span style=\"font-weight: 400\">* PCB&#8217;s<\/span><\/li>\n<li style=\"font-weight: 400\"><span style=\"font-weight: 400\">* DIOXINAS E PCB\u2019s SIMILARES A DIOXINAS<\/span><\/li>\n<li style=\"font-weight: 400\"><span style=\"font-weight: 400\">* HIDROCARBONETOS ALIF\u00c1TICOS<\/span><\/li>\n<li style=\"font-weight: 400\"><span style=\"font-weight: 400\">* HEXANO<\/span><\/li>\n<li style=\"font-weight: 400\"><span style=\"font-weight: 400\">* FTALATOS<\/span><\/li>\n<li style=\"font-weight: 400\"><span style=\"font-weight: 400\">* AFLATOXINAS<\/span><\/li>\n<li style=\"font-weight: 400\"><span style=\"font-weight: 400\">* RES\u00cdDUO SOLVENTE<\/span><\/li>\n<li style=\"font-weight: 400\"><span style=\"font-weight: 400\">* MOSH E MOAH (hidrocarbonetos de \u00f3leo mineral saturado e arom\u00e1tico)<\/span><\/li>\n<li style=\"font-weight: 400\"><span style=\"font-weight: 400\">* \u00c9STERES GLICID\u00cdLICOS (3-MCPD, 2-MCPD E \u00c9STER DE GLICIDOL)<\/span><\/li>\n<li style=\"font-weight: 400\"><span style=\"font-weight: 400\">* MELAMINA\/CIROMAZINA<\/span><\/li>\n<li style=\"font-weight: 400\"><span style=\"font-weight: 400\">* BISFENOL A<\/span><\/li>\n<li><span>TOXINAS VEGETAIS NATURAIS (\u00c1CIDO ER\u00daCICO)<\/span><\/li>\n<\/ul>\n<\/div>\n<!-- \/tailor:tailor_content:664db7dc7d0fo --><\/div>\n<\/div>\n<!-- \/tailor:tailor_toggle:664db7dc7d0fp --><!-- tailor:tailor_toggle:664db7dc7d0fr -->\n<div class=\"tailor-toggle tailor-664db7dc7d0fr\">\n<h3 class=\"tailor-toggle__title\"><i class=\"dashicons dashicons-plus-alt\"><\/i>An\u00e1lise nutricional<\/h3>\n<div class=\"tailor-toggle__body\"><!-- tailor:tailor_content:664db7dc7d0fq -->\n<div class=\"tailor-element tailor-content tailor-664db7dc7d0fq\">\n<ul>\n<li><span style=\"font-weight: 400\">* VALOR ENERG\u00c9TICO<\/span><\/li>\n<li>* GORDURA POR GRAVIMETRIA COM HIDR\u00d3LISE PR\u00c9VIA<\/li>\n<li>* HIDRATOS DE CARBONO<\/li>\n<li>* A\u00c7\u00daCARES TOTAIS<\/li>\n<li>* PROTE\u00cdNA POR VOLUMETRIA<\/li>\n<li><span style=\"font-weight: 400\">* CLORETO DE S\u00d3DIO &#8211; SAL<\/span><\/li>\n<\/ul>\n<\/div>\n<!-- \/tailor:tailor_content:664db7dc7d0fq --><\/div>\n<\/div>\n<!-- \/tailor:tailor_toggle:664db7dc7d0fr --><!-- tailor:tailor_toggle:664db7dc7d0ft -->\n<div class=\"tailor-toggle tailor-664db7dc7d0ft\">\n<h3 class=\"tailor-toggle__title\"><i class=\"dashicons dashicons-plus-alt\"><\/i>Outros<\/h3>\n<div class=\"tailor-toggle__body\"><!-- tailor:tailor_content:664db7dc7d0fs -->\n<div class=\"tailor-element tailor-content tailor-664db7dc7d0fs\">\n<ul>\n<li style=\"font-weight: 400\"><span style=\"font-weight: 400\">\u00a0 \u00a0AN\u00c1LISE DE TOCOFER\u00d3IS<\/span><\/li>\n<li style=\"font-weight: 400\"><span style=\"font-weight: 400\">* AN\u00c1LISE TOCOTRIEN\u00d3IS<\/span><\/li>\n<li style=\"font-weight: 400\"><span style=\"font-weight: 400\">* ESQUALENO<\/span><\/li>\n<li style=\"font-weight: 400\"><span style=\"font-weight: 400\">* DENSIDADE A 20\u00baC<\/span><\/li>\n<li style=\"font-weight: 400\"><span style=\"font-weight: 400\">* COMPOSTOS POLARES<\/span><\/li>\n<li style=\"font-weight: 400\"><span style=\"font-weight: 400\">* AN\u00c1LISE MICROBIOL\u00d3GICA<\/span><\/li>\n<li style=\"font-weight: 400\"><span style=\"font-weight: 400\">* CERAS VEGETAIS<\/span><\/li>\n<li style=\"font-weight: 400\"><span style=\"font-weight: 400\">* ESTIGMASTADIENO<\/span><\/li>\n<li>\u00a0 \u00a0ESTABILIDADE RANCIMAT<\/li>\n<li>DIFEREN\u00c7A TE\u00d3RICA ECN 42 E HPL<\/li>\n<li>*PHOSPHORUS<\/li>\n<\/ul>\n<\/div>\n<!-- \/tailor:tailor_content:664db7dc7d0fs --><\/div>\n<\/div>\n<!-- \/tailor:tailor_toggle:664db7dc7d0ft --><\/div>\n<!-- \/tailor:tailor_toggles:664db7dc7d0fk --><!-- tailor:tailor_button:664db7dc7d0fu -->\n<div class=\"tailor-element tailor-button tailor-button--default tailor-664db7dc7d0fu tailor-button--medium tailor-button--medium-mobile tailor-button--medium-tablet u-text-center\"><a class=\"tailor-button__inner\" href=\"https:\/\/www.laboratoriotello.com\/pt\/wp-content\/uploads\/sites\/125\/2024\/05\/PC01-PD01-F1-SOLICITUD-ANALISIS-ACEITE-VEGETAL-iNGLES.pdf\" target=\"_blank\" rel=\"noopener\"><i class=\"dashicons dashicons-download\"><\/i><span>Solicitar an\u00e1lise de \u00d3leo de Sementes<span><\/a><\/div>\n<!-- \/tailor:tailor_button:664db7dc7d0fu --><!-- tailor:tailor_button:664db7dc7d0fv -->\n<div class=\"tailor-element tailor-button tailor-button--default tailor-664db7dc7d0fv tailor-button--small tailor-button--medium-mobile tailor-button--medium-tablet u-text-center\"><a class=\"tailor-button__inner\" href=\"https:\/\/www.laboratoriotello.com\/en\/contact\/\" target=\"_blank\" rel=\"noopener\"><i class=\"dashicons dashicons-info\"><\/i><span>Se quiser analisar outras determina\u00e7\u00f5es, por favor contacte-nos aqui<span><\/a><\/div>\n<!-- \/tailor:tailor_button:664db7dc7d0fv --><\/div>\n<!-- \/tailor:tailor_column:664db7dc7d0fi --><\/div>\n<!-- \/tailor:tailor_row:664db7dc7d0fe --><\/div>\n<\/div>\n<!-- \/tailor:tailor_section:664db7dc7d0fd -->\n","protected":false},"excerpt":{"rendered":"<p>\u00d3leos Vegetais No Laborat\u00f3rio Tello realizamos an\u00e1lises de \u00f3leos de sementes\/\u00f3leos vegetais. Analisamos uma ampla gama de par\u00e2metros, utilizando a tecnologia mais avan\u00e7ada para garantir os resultados dos nossos testes. Por \u00e1reas, as determina\u00e7\u00f5es mais solicitadas pelos nossos clientes em rela\u00e7\u00e3o ao \u00f3leo de sementes s\u00e3o: Qualidade GRAU DE ACIDEZ \u00cdNDICE DE PER\u00d3XIDOS AN\u00c1LISE ESPECTROFOTOM\u00c9TRICA<\/p>\n","protected":false},"author":15,"featured_media":829,"parent":783,"menu_order":0,"comment_status":"closed","ping_status":"closed","template":"","meta":{"inline_featured_image":false},"acf":false,"_links":{"self":[{"href":"https:\/\/www.laboratoriotello.com\/pt\/wp-json\/wp\/v2\/pages\/791"}],"collection":[{"href":"https:\/\/www.laboratoriotello.com\/pt\/wp-json\/wp\/v2\/pages"}],"about":[{"href":"https:\/\/www.laboratoriotello.com\/pt\/wp-json\/wp\/v2\/types\/page"}],"author":[{"embeddable":true,"href":"https:\/\/www.laboratoriotello.com\/pt\/wp-json\/wp\/v2\/users\/15"}],"replies":[{"embeddable":true,"href":"https:\/\/www.laboratoriotello.com\/pt\/wp-json\/wp\/v2\/comments?post=791"}],"version-history":[{"count":28,"href":"https:\/\/www.laboratoriotello.com\/pt\/wp-json\/wp\/v2\/pages\/791\/revisions"}],"predecessor-version":[{"id":1678,"href":"https:\/\/www.laboratoriotello.com\/pt\/wp-json\/wp\/v2\/pages\/791\/revisions\/1678"}],"up":[{"embeddable":true,"href":"https:\/\/www.laboratoriotello.com\/pt\/wp-json\/wp\/v2\/pages\/783"}],"wp:featuredmedia":[{"embeddable":true,"href":"https:\/\/www.laboratoriotello.com\/pt\/wp-json\/wp\/v2\/media\/829"}],"wp:attachment":[{"href":"https:\/\/www.laboratoriotello.com\/pt\/wp-json\/wp\/v2\/media?parent=791"}],"curies":[{"name":"wp","href":"https:\/\/api.w.org\/{rel}","templated":true}]}}