{"id":788,"date":"2018-09-13T08:52:09","date_gmt":"2018-09-13T08:52:09","guid":{"rendered":"http:\/\/www.tentamus.com\/ja-tello-en\/?page_id=788"},"modified":"2024-05-22T09:15:29","modified_gmt":"2024-05-22T09:15:29","slug":"azeite","status":"publish","type":"page","link":"https:\/\/www.laboratoriotello.com\/pt\/analise\/azeite\/","title":{"rendered":"Azeite"},"content":{"rendered":"<!-- tailor:tailor_section:664db7b1cc65a -->\n<div class=\"tailor-element tailor-section tailor-664db7b1cc65a\">\n<div class=\"tailor-section__content\"><!-- tailor:tailor_row:664db7b1cc65b -->\n<div class=\"tailor-element tailor-row tablet-columns tailor-664db7b1cc65b\"><!-- tailor:tailor_column:664db7b1cc65c -->\n<div class=\"tailor-column tailor-664db7b1cc65c\"><!-- tailor:tailor_widgets:664db7b1cc65d --><div  class=\"tailor-element tailor-widget-area service_custom_menu  tailor-664db7b1cc65d\"><section class=\"nav_menu-13 widget_nav_menu\"><h3>\u00c1REAS DO LABORAT\u00d3RIO<\/h3><div class=\"menu-areas-do-laboratorio-container\"><ul id=\"menu-areas-do-laboratorio\" class=\"menu\"><li id=\"menu-item-763\" class=\"menu-item menu-item-type-post_type menu-item-object-page menu-item-763\"><a href=\"https:\/\/www.laboratoriotello.com\/pt\/servicos\/fisico-quimica\/\">Fisicoqu\u00edmica<\/a><\/li>\n<li id=\"menu-item-770\" class=\"menu-item menu-item-type-post_type menu-item-object-page menu-item-770\"><a href=\"https:\/\/www.laboratoriotello.com\/pt\/servicos\/avaliacao-organoletica\/\">Avalia\u00e7\u00e3o Organol\u00e9tica<\/a><\/li>\n<li id=\"menu-item-769\" class=\"menu-item menu-item-type-post_type menu-item-object-page menu-item-769\"><a href=\"https:\/\/www.laboratoriotello.com\/pt\/servicos\/consultoria-e-formacao\/\">Consultoria e Forma\u00e7\u00e3o<\/a><\/li>\n<\/ul><\/div><\/section><section class=\"nav_menu-14 widget_nav_menu\"><h3>ANALISAMOS<\/h3><div class=\"menu-analisamos-container\"><ul id=\"menu-analisamos\" class=\"menu\"><li id=\"menu-item-795\" class=\"menu-item menu-item-type-post_type menu-item-object-page menu-item-795\"><a href=\"https:\/\/www.laboratoriotello.com\/pt\/analise\/azeite\/\">Azeite<\/a><\/li>\n<li id=\"menu-item-794\" class=\"menu-item menu-item-type-post_type menu-item-object-page menu-item-794\"><a href=\"https:\/\/www.laboratoriotello.com\/pt\/analise\/oleos-vegetais\/\">\u00d3leos Vegetais<\/a><\/li>\n<li id=\"menu-item-812\" class=\"menu-item menu-item-type-post_type menu-item-object-page menu-item-812\"><a href=\"https:\/\/www.laboratoriotello.com\/pt\/analise\/azeitona\/\">Azeitona e Baga\u00e7o de Azeitona<\/a><\/li>\n<li id=\"menu-item-810\" class=\"menu-item menu-item-type-post_type menu-item-object-page menu-item-810\"><a href=\"https:\/\/www.laboratoriotello.com\/pt\/analise\/sementes-oleaginosas\/\">Sementes Oleaginosas e Gorduras nos Alimentos<\/a><\/li>\n<\/ul><\/div><\/section><\/div><!-- \/tailor:tailor_widgets:664db7b1cc65d --><\/div>\n<!-- \/tailor:tailor_column:664db7b1cc65c --><!-- tailor:tailor_column:664db7b1cc65f -->\n<div class=\"tailor-column tailor-664db7b1cc65f\"><!-- tailor:tailor_content:664db7b1cc65e -->\n<div class=\"tailor-element tailor-content tailor-664db7b1cc65e\">\n<div class=\"container\">\n<h1><span style=\"color: #036543\">Azeite<\/span><\/h1>\n<p class=\"Default\" style=\"text-align: justify\"><span>O Laborat\u00f3rio Tello \u00e9 especialista em an\u00e1lise de azeite e seus derivados. Analisamos uma ampla gama de par\u00e2metros, utilizando a tecnologia mais avan\u00e7ada para garantir os resultados das nossas provas.<\/span><\/p>\n<p class=\"Default\" style=\"text-align: justify\">Por \u00e1reas, as determina\u00e7\u00f5es mais solicitadas pelos nossos clientes em rela\u00e7\u00e3o ao azeite s\u00e3o:<\/p>\n<\/div>\n<\/div>\n<!-- \/tailor:tailor_content:664db7b1cc65e --><!-- tailor:tailor_toggles:664db7b1cc65h -->\n<div class=\"tailor-element tailor-toggles tailor-664db7b1cc65h\"><!-- tailor:tailor_toggle:664db7b1cc65g -->\n<div class=\"tailor-toggle tailor-664db7b1cc65g\">\n<h3 class=\"tailor-toggle__title\"><i class=\"dashicons dashicons-plus-alt\"><\/i>Qualidade<\/h3>\n<div class=\"tailor-toggle__body\"><!-- tailor:tailor_content:664db7b1cc65i -->\n<div class=\"tailor-element tailor-content tailor-664db7b1cc65i\">\n<ul>\n<li><span style=\"font-weight: 400\">GRAU DE ACIDEZ<\/span><\/li>\n<li><span style=\"font-weight: 400\"><\/span><span style=\"font-weight: 400\">\u00cdNDICE DE PER\u00d3XIDOS<\/span><\/li>\n<li><span style=\"font-weight: 400\"><\/span><span style=\"font-weight: 400\">ESPECTROFOTOM\u00c9TRICA K270, K232, \u0394K<\/span><\/li>\n<li><span style=\"font-weight: 400\"><\/span><span style=\"font-weight: 400\">HUMIDADE E MAT\u00c9RIAS VOL\u00c1TEIS<\/span><\/li>\n<li><span style=\"font-weight: 400\"><\/span><span style=\"font-weight: 400\">IMPUREZAS INSOL\u00daVEIS<\/span><\/li>\n<li><span style=\"font-weight: 400\">\u00c9STERES ET\u00cdLICOS<\/span><\/li>\n<\/ul>\n<\/div>\n<!-- \/tailor:tailor_content:664db7b1cc65i --><\/div>\n<\/div>\n<!-- \/tailor:tailor_toggle:664db7b1cc65g --><!-- tailor:tailor_toggle:664db7b1cc65k -->\n<div class=\"tailor-toggle tailor-664db7b1cc65k\">\n<h3 class=\"tailor-toggle__title\"><i class=\"dashicons dashicons-plus-alt\"><\/i>Avalia\u00e7\u00e3o Organol\u00e9tica de Azeite Virgem<\/h3>\n<div class=\"tailor-toggle__body\"><!-- tailor:tailor_content:664db7b1cc65j -->\n<div class=\"tailor-element tailor-content tailor-664db7b1cc65j\">\n<ul>\n<li><span style=\"font-weight: 400\">REGULAMENTO (CEE) N\u00ba 2568\/91 E ALTERA\u00c7\u00d5ES SUBSQUENTES.<\/span><\/li>\n<\/ul>\n<\/div>\n<!-- \/tailor:tailor_content:664db7b1cc65j --><\/div>\n<\/div>\n<!-- \/tailor:tailor_toggle:664db7b1cc65k --><!-- tailor:tailor_toggle:664db7b1cc65m -->\n<div class=\"tailor-toggle tailor-664db7b1cc65m\">\n<h3 class=\"tailor-toggle__title\"><i class=\"dashicons dashicons-plus-alt\"><\/i>Pureza<\/h3>\n<div class=\"tailor-toggle__body\"><!-- tailor:tailor_content:664db7b1cc65l -->\n<div class=\"tailor-element tailor-content tailor-664db7b1cc65l\">\n<ul>\n<li style=\"font-weight: 400\"><span style=\"font-weight: 400\">CERAS<\/span><\/li>\n<li style=\"font-weight: 400\"><span style=\"font-weight: 400\">COMPOSI\u00c7\u00c3O DE ESTER\u00d3IS E EST. TOTAIS<\/span><\/li>\n<li style=\"font-weight: 400\"><span style=\"font-weight: 400\">COMPOSI\u00c7\u00c3O DE \u00c1CIDOS GORDOS\u00a0<\/span><\/li>\n<li style=\"font-weight: 400\"><span style=\"font-weight: 400\">3.5-STIGMAMASTADIENO<\/span><\/li>\n<li style=\"font-weight: 400\"><span style=\"font-weight: 400\">DIFEREN\u00c7A ECN 42 TE\u00d3RICO E HPLC<\/span><\/li>\n<li style=\"font-weight: 400\"><span style=\"font-weight: 400\">CONTE\u00daDO EM INSAPONIFIC\u00c1VEL<\/span><\/li>\n<li style=\"font-weight: 400\"><span style=\"font-weight: 400\">\u00c1LCOOIS ALIF\u00c1TICOS<\/span><\/li>\n<\/ul>\n<\/div>\n<!-- \/tailor:tailor_content:664db7b1cc65l --><\/div>\n<\/div>\n<!-- \/tailor:tailor_toggle:664db7b1cc65m --><!-- tailor:tailor_toggle:664db7b1cc65o -->\n<div class=\"tailor-toggle tailor-664db7b1cc65o\">\n<h3 class=\"tailor-toggle__title\"><i class=\"dashicons dashicons-plus-alt\"><\/i>Contaminantes<\/h3>\n<div class=\"tailor-toggle__body\"><!-- tailor:tailor_content:664db7b1cc65n -->\n<div class=\"tailor-element tailor-content tailor-664db7b1cc65n\">\n<ul>\n<li style=\"font-weight: 400\"><span style=\"font-weight: 400\">PESTICIDAS<\/span><\/li>\n<li style=\"font-weight: 400\"><span style=\"font-weight: 400\">HIDROCARBONETOS AROM\u00c1TICOS POLIC\u00cdCLICOS (HAP)<\/span><\/li>\n<li style=\"font-weight: 400\"><span style=\"font-weight: 400\">* DERIVADOS HALOGENADOS<\/span><\/li>\n<li style=\"font-weight: 400\"><span style=\"font-weight: 400\">* DIQUAT<\/span><\/li>\n<li style=\"font-weight: 400\"><span style=\"font-weight: 400\">* METAIS<\/span><\/li>\n<li style=\"font-weight: 400\"><span style=\"font-weight: 400\">* PCB&#8217;s<\/span><\/li>\n<li style=\"font-weight: 400\"><span style=\"font-weight: 400\">* MELAMINA<\/span><\/li>\n<li style=\"font-weight: 400\"><span style=\"font-weight: 400\">* DIOXINAS E PCB\u2019s SIMILARES A DIOXINAS<\/span><\/li>\n<li style=\"font-weight: 400\"><span style=\"font-weight: 400\">* HIDROCARBONETOS ALIF\u00c1TICOS<\/span><\/li>\n<li style=\"font-weight: 400\"><span style=\"font-weight: 400\">* HEXANO<\/span><\/li>\n<li style=\"font-weight: 400\"><span style=\"font-weight: 400\">FTALATOS E OUTROS PLASTIFICANTES<\/span><\/li>\n<li style=\"font-weight: 400\"><span style=\"font-weight: 400\">* AFLATOXINAS<\/span><\/li>\n<li style=\"font-weight: 400\"><span style=\"font-weight: 400\">* RES\u00cdDUO SOLVENTE<\/span><\/li>\n<li style=\"font-weight: 400\"><span style=\"font-weight: 400\">* CLOROFILAS C\u00daPRICAS<\/span><\/li>\n<li style=\"font-weight: 400\"><span style=\"font-weight: 400\">TOXINAS VEGETAIS NATURAIS (\u00c1CIDO ER\u00daCICO)<\/span><\/li>\n<li style=\"font-weight: 400\"><span style=\"font-weight: 400\">* MOSH E MOAH (hidrocarbonetos de \u00f3leo mineral saturado e arom\u00e1tico)<\/span><\/li>\n<li style=\"font-weight: 400\"><span style=\"font-weight: 400\">* \u00c9STERES GLICID\u00cdLICOS (3-MCPD, 2-MCPD E \u00c9STER DE GLICIDOL)<\/span><\/li>\n<li style=\"font-weight: 400\"><span style=\"font-weight: 400\">* MELAMINA\/CIROMAZINA<\/span><\/li>\n<li style=\"font-weight: 400\"><span style=\"font-weight: 400\">* BISFENOL A<\/span><\/li>\n<\/ul>\n<\/div>\n<!-- \/tailor:tailor_content:664db7b1cc65n --><\/div>\n<\/div>\n<!-- \/tailor:tailor_toggle:664db7b1cc65o --><!-- tailor:tailor_toggle:664db7b1cc65q -->\n<div class=\"tailor-toggle tailor-664db7b1cc65q\">\n<h3 class=\"tailor-toggle__title\"><i class=\"dashicons dashicons-plus-alt\"><\/i>An\u00e1lise nutricional<\/h3>\n<div class=\"tailor-toggle__body\"><!-- tailor:tailor_content:664db7b1cc65p -->\n<div class=\"tailor-element tailor-content tailor-664db7b1cc65p\">\n<ul>\n<li style=\"font-weight: 400\"><span style=\"font-weight: 400\">* VALOR ENERG\u00c9TICO<\/span><\/li>\n<li style=\"font-weight: 400\"><span style=\"font-weight: 400\">* GORDURA POR GRAVIMETRIA COM HIDR\u00d3LISE PR\u00c9VIA<\/span><\/li>\n<li style=\"font-weight: 400\"><span style=\"font-weight: 400\">* HIDRATOS DE CARBONO<\/span><\/li>\n<li style=\"font-weight: 400\"><span style=\"font-weight: 400\">* A\u00c7\u00daCARES TOTAIS<\/span><\/li>\n<li style=\"font-weight: 400\"><span style=\"font-weight: 400\">* PROTE\u00cdNA POR VOLUMETRIA<\/span><\/li>\n<li style=\"font-weight: 400\"><span style=\"font-weight: 400\">* CLORETO DE S\u00d3DIO &#8211; SAL<\/span><\/li>\n<\/ul>\n<\/div>\n<!-- \/tailor:tailor_content:664db7b1cc65p --><\/div>\n<\/div>\n<!-- \/tailor:tailor_toggle:664db7b1cc65q --><!-- tailor:tailor_toggle:664db7b1cc65s -->\n<div class=\"tailor-toggle tailor-664db7b1cc65s\">\n<h3 class=\"tailor-toggle__title\"><i class=\"dashicons dashicons-plus-alt\"><\/i>Outros<\/h3>\n<div class=\"tailor-toggle__body\"><!-- tailor:tailor_content:664db7b1cc65r -->\n<div class=\"tailor-element tailor-content tailor-664db7b1cc65r\">\n<ul>\n<li style=\"font-weight: 400\"><span style=\"font-weight: 400\">\u00a0 \u00a0AN\u00c1LISE DE TOCOFER\u00d3IS<\/span><\/li>\n<li style=\"font-weight: 400\"><span style=\"font-weight: 400\">* POLIFEN\u00d3IS TOTAIS<\/span><\/li>\n<li style=\"font-weight: 400\"><span style=\"font-weight: 400\">* BIOFEN\u00d3IS, HIDROXITIROSOL, TIROSOL E OLEOCANTAL<\/span><\/li>\n<li>\u00a0 \u00a0ESTABILIDADE\u00a0 <span style=\"font-weight: 400\">RANCIMAT<\/span><\/li>\n<li style=\"font-weight: 400\"><span style=\"font-weight: 400\">* COMPOSTOS POLARES<\/span><\/li>\n<li style=\"font-weight: 400\"><span style=\"font-weight: 400\">* AN\u00c1LISE MICROBIOL\u00d3GICA<\/span><\/li>\n<li style=\"font-weight: 400\"><span style=\"font-weight: 400\">* ACIDEZ OCULTA (% \u00c1C. OLEICO)<\/span><\/li>\n<li style=\"font-weight: 400\"><span style=\"font-weight: 400\">\u00a0 \u00a0PIROFEOFITINA A<\/span><\/li>\n<li style=\"font-weight: 400\"><span style=\"font-weight: 400\">\u00a0 \u00a01,2- e 1,3 DIACILGLICER\u00d3IS<\/span><\/li>\n<li style=\"font-weight: 400\"><span style=\"font-weight: 400\">* ESQUALENO<\/span><\/li>\n<li style=\"font-weight: 400\"><span style=\"font-weight: 400\">\u00a0 \u00a0\u00cdNDICE DE REFRA\u00c7\u00c3O<\/span><\/li>\n<li style=\"font-weight: 400\"><span style=\"font-weight: 400\">\u00a0 \u00a0\u00cdNDICE DE IODO<\/span><\/li>\n<li style=\"font-weight: 400\"><span style=\"font-weight: 400\">\u00a0 \u00a0\u00cdNDICE DE SAPONIFICA\u00c7\u00c3O<\/span><\/li>\n<li style=\"font-weight: 400\"><span style=\"font-weight: 400\">* \u00c1CIDOS OXIDADOS<\/span><\/li>\n<li style=\"font-weight: 400\"><span style=\"font-weight: 400\">* DENSIDADE (20\u00baC\/\u00c1GUA 20\u00baC)<\/span><\/li>\n<li style=\"font-weight: 400\"><span style=\"font-weight: 400\">\u00a0 \u00a0\u00cdNDICE DE COR LOVIBON<\/span><\/li>\n<li>*PHOSPHORUS<\/li>\n<\/ul>\n<\/div>\n<!-- \/tailor:tailor_content:664db7b1cc65r --><\/div>\n<\/div>\n<!-- \/tailor:tailor_toggle:664db7b1cc65s --><\/div>\n<!-- \/tailor:tailor_toggles:664db7b1cc65h --><!-- tailor:tailor_row:664db7b1cc65u -->\n<div class=\"tailor-element tailor-row tablet-columns tailor-664db7b1cc65u\"><!-- tailor:tailor_column:664db7b1cc65t -->\n<div class=\"tailor-column tailor-664db7b1cc65t\"><!-- tailor:tailor_button:664db7b1cc65v -->\n<div class=\"tailor-element tailor-button tailor-button--default tailor-664db7b1cc65v tailor-button--medium tailor-button--medium-mobile tailor-button--medium-tablet u-text-left\"><a class=\"tailor-button__inner\" href=\"https:\/\/www.laboratoriotello.com\/pt\/wp-content\/uploads\/sites\/125\/2024\/05\/PC01-PD01-F1-SOLICITUD-ANALISIS-ACEITE-OLIVA-iNGLES.pdf\" target=\"_blank\" rel=\"noopener\"><i class=\"dashicons dashicons-download\"><\/i><span>Solicitar An\u00e1lises de Azeite<span><\/a><\/div>\n<!-- \/tailor:tailor_button:664db7b1cc65v --><\/div>\n<!-- \/tailor:tailor_column:664db7b1cc65t --><!-- tailor:tailor_column:664db7b1cc65x -->\n<div class=\"tailor-column tailor-664db7b1cc65x\"><!-- tailor:tailor_button:664db7b1cc65w -->\n<div class=\"tailor-element tailor-button tailor-button--default tailor-664db7b1cc65w tailor-button--medium tailor-button--medium-mobile tailor-button--medium-tablet u-text-right\"><a class=\"tailor-button__inner\" href=\"https:\/\/www.laboratoriotello.com\/en\/wp-content\/uploads\/sites\/49\/2017\/02\/PC01-PD01-F1_Solicitud_panel.pdf.pdf\" target=\"_blank\" rel=\"noopener\"><i class=\"dashicons dashicons-download\"><\/i><span>Solicitar Prova de Painel<span><\/a><\/div>\n<!-- \/tailor:tailor_button:664db7b1cc65w --><\/div>\n<!-- \/tailor:tailor_column:664db7b1cc65x --><\/div>\n<!-- \/tailor:tailor_row:664db7b1cc65u --><!-- tailor:tailor_button:664db7b1cc65y -->\n<div class=\"tailor-element tailor-button tailor-button--default tailor-664db7b1cc65y tailor-button--small tailor-button--medium-mobile tailor-button--medium-tablet u-text-center\"><a class=\"tailor-button__inner\" href=\"https:\/\/www.laboratoriotello.com\/pt\/contacto\/\" target=\"_blank\" rel=\"noopener\"><i class=\"dashicons dashicons-info\"><\/i><span>Se quiser analisar outras determina\u00e7\u00f5es, por favor contacte-nos aqui<span><\/a><\/div>\n<!-- \/tailor:tailor_button:664db7b1cc65y --><\/div>\n<!-- \/tailor:tailor_column:664db7b1cc65f --><\/div>\n<!-- \/tailor:tailor_row:664db7b1cc65b --><\/div>\n<\/div>\n<!-- \/tailor:tailor_section:664db7b1cc65a -->\n","protected":false},"excerpt":{"rendered":"<p>Azeite O Laborat\u00f3rio Tello \u00e9 especialista em an\u00e1lise de azeite e seus derivados. Analisamos uma ampla gama de par\u00e2metros, utilizando a tecnologia mais avan\u00e7ada para garantir os resultados das nossas provas. Por \u00e1reas, as determina\u00e7\u00f5es mais solicitadas pelos nossos clientes em rela\u00e7\u00e3o ao azeite s\u00e3o: Qualidade GRAU DE ACIDEZ \u00cdNDICE DE PER\u00d3XIDOS ESPECTROFOTOM\u00c9TRICA K270, K232,<\/p>\n","protected":false},"author":15,"featured_media":829,"parent":783,"menu_order":0,"comment_status":"closed","ping_status":"closed","template":"","meta":{"inline_featured_image":false},"acf":false,"_links":{"self":[{"href":"https:\/\/www.laboratoriotello.com\/pt\/wp-json\/wp\/v2\/pages\/788"}],"collection":[{"href":"https:\/\/www.laboratoriotello.com\/pt\/wp-json\/wp\/v2\/pages"}],"about":[{"href":"https:\/\/www.laboratoriotello.com\/pt\/wp-json\/wp\/v2\/types\/page"}],"author":[{"embeddable":true,"href":"https:\/\/www.laboratoriotello.com\/pt\/wp-json\/wp\/v2\/users\/15"}],"replies":[{"embeddable":true,"href":"https:\/\/www.laboratoriotello.com\/pt\/wp-json\/wp\/v2\/comments?post=788"}],"version-history":[{"count":35,"href":"https:\/\/www.laboratoriotello.com\/pt\/wp-json\/wp\/v2\/pages\/788\/revisions"}],"predecessor-version":[{"id":1677,"href":"https:\/\/www.laboratoriotello.com\/pt\/wp-json\/wp\/v2\/pages\/788\/revisions\/1677"}],"up":[{"embeddable":true,"href":"https:\/\/www.laboratoriotello.com\/pt\/wp-json\/wp\/v2\/pages\/783"}],"wp:featuredmedia":[{"embeddable":true,"href":"https:\/\/www.laboratoriotello.com\/pt\/wp-json\/wp\/v2\/media\/829"}],"wp:attachment":[{"href":"https:\/\/www.laboratoriotello.com\/pt\/wp-json\/wp\/v2\/media?parent=788"}],"curies":[{"name":"wp","href":"https:\/\/api.w.org\/{rel}","templated":true}]}}