{"id":767,"date":"2018-09-12T10:22:11","date_gmt":"2018-09-12T10:22:11","guid":{"rendered":"http:\/\/www.tentamus.com\/ja-tello-en\/?page_id=767"},"modified":"2020-08-31T15:08:58","modified_gmt":"2020-08-31T15:08:58","slug":"consultoria-e-formacao","status":"publish","type":"page","link":"https:\/\/www.laboratoriotello.com\/pt\/servicos\/consultoria-e-formacao\/","title":{"rendered":"Consultoria e Forma\u00e7\u00e3o"},"content":{"rendered":"<!-- tailor:tailor_section:5f4d126e54dea -->\n<div class=\"tailor-element tailor-section tailor-5f4d126e54dea\">\n<div class=\"tailor-section__content\">\n<!-- tailor:tailor_row:5f4d126e54deb -->\n<div class=\"tailor-element tailor-row tablet-columns tailor-5f4d126e54deb\">\n<!-- tailor:tailor_column:5f4d126e54dec -->\n<div class=\"tailor-column tailor-5f4d126e54dec\"><!-- tailor:tailor_widgets:5f4d126e54ded --><div  class=\"tailor-element tailor-widget-area service_custom_menu tailor-5f4d126e54ded\"><section class=\"nav_menu-13 widget_nav_menu\"><h3>\u00c1REAS DO LABORAT\u00d3RIO<\/h3><div class=\"menu-areas-do-laboratorio-container\"><ul id=\"menu-areas-do-laboratorio\" class=\"menu\"><li id=\"menu-item-763\" class=\"menu-item menu-item-type-post_type menu-item-object-page menu-item-763\"><a href=\"https:\/\/www.laboratoriotello.com\/pt\/servicos\/fisico-quimica\/\">Fisicoqu\u00edmica<\/a><\/li>\n<li id=\"menu-item-770\" class=\"menu-item menu-item-type-post_type menu-item-object-page menu-item-770\"><a href=\"https:\/\/www.laboratoriotello.com\/pt\/servicos\/avaliacao-organoletica\/\">Avalia\u00e7\u00e3o Organol\u00e9tica<\/a><\/li>\n<li id=\"menu-item-769\" class=\"menu-item menu-item-type-post_type menu-item-object-page menu-item-769\"><a href=\"https:\/\/www.laboratoriotello.com\/pt\/servicos\/consultoria-e-formacao\/\">Consultoria e Forma\u00e7\u00e3o<\/a><\/li>\n<\/ul><\/div><\/section><section class=\"nav_menu-14 widget_nav_menu\"><h3>ANALISAMOS<\/h3><div class=\"menu-analisamos-container\"><ul id=\"menu-analisamos\" class=\"menu\"><li id=\"menu-item-795\" class=\"menu-item menu-item-type-post_type menu-item-object-page menu-item-795\"><a href=\"https:\/\/www.laboratoriotello.com\/pt\/analise\/azeite\/\">Azeite<\/a><\/li>\n<li id=\"menu-item-794\" class=\"menu-item menu-item-type-post_type menu-item-object-page menu-item-794\"><a href=\"https:\/\/www.laboratoriotello.com\/pt\/analise\/oleos-vegetais\/\">\u00d3leos Vegetais<\/a><\/li>\n<li id=\"menu-item-812\" class=\"menu-item menu-item-type-post_type menu-item-object-page menu-item-812\"><a href=\"https:\/\/www.laboratoriotello.com\/pt\/analise\/azeitona\/\">Azeitona e Baga\u00e7o de Azeitona<\/a><\/li>\n<li id=\"menu-item-810\" class=\"menu-item menu-item-type-post_type menu-item-object-page menu-item-810\"><a href=\"https:\/\/www.laboratoriotello.com\/pt\/analise\/sementes-oleaginosas\/\">Sementes Oleaginosas e Gorduras nos Alimentos<\/a><\/li>\n<\/ul><\/div><\/section><\/div><!-- \/tailor:tailor_widgets:5f4d126e54ded --><\/div>\n<!-- \/tailor:tailor_column:5f4d126e54dec --><!-- tailor:tailor_column:5f4d126e54def -->\n<div class=\"tailor-column tailor-5f4d126e54def\">\n<!-- tailor:tailor_content:5f4d126e54dee -->\n<div class=\"tailor-element tailor-content tailor-5f4d126e54dee\">\n<div class=\"container\">\n<h1><span style=\"color: #006141\">Consultoria e Forma\u00e7\u00e3o<\/span><\/h1>\n<p style=\"text-align: justify\">No Laborat\u00f3rio Tello, al\u00e9m da ampla gama de an\u00e1lises, oferecemos um grande leque de, <span style=\"color: #006141\"><strong>servi\u00e7os personalizados e solu\u00e7\u00f5es \u00e0 medida.<br \/>\n<\/strong><\/span><\/p>\n<p style=\"text-align: justify\">Para isso, o Laborat\u00f3rio Tello disp\u00f5e de pessoal qualificado que presta aos seus clientes um servi\u00e7o de qualidade, dando total primazia a um trabalho bem feito, em tudo a que se dedica:<\/p>\n<ul>\n<li style=\"text-align: justify\">Consultoria T\u00e9cnica sobre o Controlo de Lagares, Adegas (Armazenamento) e Embaladores.<\/li>\n<li style=\"text-align: justify\">Distribui\u00e7\u00e3o de Adjuvantes.<\/li>\n<li style=\"text-align: justify\">Atividades de forma\u00e7\u00e3o \u00e0 medida de acordo com as necessidades.<\/li>\n<li style=\"text-align: justify\">An\u00e1lises de Qu\u00edmica Agr\u00edcola e \u00c1guas para a monitoriza\u00e7\u00e3o correta do olival.<\/li>\n<\/ul>\n<\/div>\n<\/div>\n<!-- \/tailor:tailor_content:5f4d126e54dee -->\n<\/div>\n<!-- \/tailor:tailor_column:5f4d126e54def -->\n<\/div>\n<!-- \/tailor:tailor_row:5f4d126e54deb -->\n<\/div>\n<\/div>\n<!-- \/tailor:tailor_section:5f4d126e54dea -->\n","protected":false},"excerpt":{"rendered":"<p>Consultoria e Forma\u00e7\u00e3o No Laborat\u00f3rio Tello, al\u00e9m da ampla gama de an\u00e1lises, oferecemos um grande leque de, servi\u00e7os personalizados e solu\u00e7\u00f5es \u00e0 medida. Para isso, o Laborat\u00f3rio Tello disp\u00f5e de pessoal qualificado que presta aos seus clientes um servi\u00e7o de qualidade, dando total primazia a um trabalho bem feito, em tudo a que se dedica:<\/p>\n","protected":false},"author":15,"featured_media":829,"parent":742,"menu_order":0,"comment_status":"closed","ping_status":"closed","template":"","meta":{"inline_featured_image":false},"acf":false,"_links":{"self":[{"href":"https:\/\/www.laboratoriotello.com\/pt\/wp-json\/wp\/v2\/pages\/767"}],"collection":[{"href":"https:\/\/www.laboratoriotello.com\/pt\/wp-json\/wp\/v2\/pages"}],"about":[{"href":"https:\/\/www.laboratoriotello.com\/pt\/wp-json\/wp\/v2\/types\/page"}],"author":[{"embeddable":true,"href":"https:\/\/www.laboratoriotello.com\/pt\/wp-json\/wp\/v2\/users\/15"}],"replies":[{"embeddable":true,"href":"https:\/\/www.laboratoriotello.com\/pt\/wp-json\/wp\/v2\/comments?post=767"}],"version-history":[{"count":17,"href":"https:\/\/www.laboratoriotello.com\/pt\/wp-json\/wp\/v2\/pages\/767\/revisions"}],"predecessor-version":[{"id":1358,"href":"https:\/\/www.laboratoriotello.com\/pt\/wp-json\/wp\/v2\/pages\/767\/revisions\/1358"}],"up":[{"embeddable":true,"href":"https:\/\/www.laboratoriotello.com\/pt\/wp-json\/wp\/v2\/pages\/742"}],"wp:featuredmedia":[{"embeddable":true,"href":"https:\/\/www.laboratoriotello.com\/pt\/wp-json\/wp\/v2\/media\/829"}],"wp:attachment":[{"href":"https:\/\/www.laboratoriotello.com\/pt\/wp-json\/wp\/v2\/media?parent=767"}],"curies":[{"name":"wp","href":"https:\/\/api.w.org\/{rel}","templated":true}]}}