{"id":764,"date":"2018-09-12T10:18:02","date_gmt":"2018-09-12T10:18:02","guid":{"rendered":"http:\/\/www.tentamus.com\/ja-tello-en\/?page_id=764"},"modified":"2020-08-31T15:04:49","modified_gmt":"2020-08-31T15:04:49","slug":"avaliacao-organoletica","status":"publish","type":"page","link":"https:\/\/www.laboratoriotello.com\/pt\/servicos\/avaliacao-organoletica\/","title":{"rendered":"Avalia\u00e7\u00e3o Organol\u00e9tica"},"content":{"rendered":"<!-- tailor:tailor_section:5f4d101ccfbf8 -->\n<div class=\"tailor-element tailor-section tailor-5f4d101ccfbf8\">\n<div class=\"tailor-section__content\">\n<!-- tailor:tailor_row:5f4d101ccfbf9 -->\n<div class=\"tailor-element tailor-row tablet-columns tailor-5f4d101ccfbf9\">\n<!-- tailor:tailor_column:5f4d101ccfbg0 -->\n<div class=\"tailor-column tailor-5f4d101ccfbg0\"><!-- tailor:tailor_widgets:5f4d101ccfbg1 --><div  class=\"tailor-element tailor-widget-area service_custom_menu tailor-5f4d101ccfbg1\"><section class=\"nav_menu-13 widget_nav_menu\"><h3>\u00c1REAS DO LABORAT\u00d3RIO<\/h3><div class=\"menu-areas-do-laboratorio-container\"><ul id=\"menu-areas-do-laboratorio\" class=\"menu\"><li id=\"menu-item-763\" class=\"menu-item menu-item-type-post_type menu-item-object-page menu-item-763\"><a href=\"https:\/\/www.laboratoriotello.com\/pt\/servicos\/fisico-quimica\/\">Fisicoqu\u00edmica<\/a><\/li>\n<li id=\"menu-item-770\" class=\"menu-item menu-item-type-post_type menu-item-object-page menu-item-770\"><a href=\"https:\/\/www.laboratoriotello.com\/pt\/servicos\/avaliacao-organoletica\/\">Avalia\u00e7\u00e3o Organol\u00e9tica<\/a><\/li>\n<li id=\"menu-item-769\" class=\"menu-item menu-item-type-post_type menu-item-object-page menu-item-769\"><a href=\"https:\/\/www.laboratoriotello.com\/pt\/servicos\/consultoria-e-formacao\/\">Consultoria e Forma\u00e7\u00e3o<\/a><\/li>\n<\/ul><\/div><\/section><section class=\"nav_menu-14 widget_nav_menu\"><h3>ANALISAMOS<\/h3><div class=\"menu-analisamos-container\"><ul id=\"menu-analisamos\" class=\"menu\"><li id=\"menu-item-795\" class=\"menu-item menu-item-type-post_type menu-item-object-page menu-item-795\"><a href=\"https:\/\/www.laboratoriotello.com\/pt\/analise\/azeite\/\">Azeite<\/a><\/li>\n<li id=\"menu-item-794\" class=\"menu-item menu-item-type-post_type menu-item-object-page menu-item-794\"><a href=\"https:\/\/www.laboratoriotello.com\/pt\/analise\/oleos-vegetais\/\">\u00d3leos Vegetais<\/a><\/li>\n<li id=\"menu-item-812\" class=\"menu-item menu-item-type-post_type menu-item-object-page menu-item-812\"><a href=\"https:\/\/www.laboratoriotello.com\/pt\/analise\/azeitona\/\">Azeitona e Baga\u00e7o de Azeitona<\/a><\/li>\n<li id=\"menu-item-810\" class=\"menu-item menu-item-type-post_type menu-item-object-page menu-item-810\"><a href=\"https:\/\/www.laboratoriotello.com\/pt\/analise\/sementes-oleaginosas\/\">Sementes Oleaginosas e Gorduras nos Alimentos<\/a><\/li>\n<\/ul><\/div><\/section><\/div><!-- \/tailor:tailor_widgets:5f4d101ccfbg1 --><\/div>\n<!-- \/tailor:tailor_column:5f4d101ccfbg0 --><!-- tailor:tailor_column:5f4d101ccfbg3 -->\n<div class=\"tailor-column tailor-5f4d101ccfbg3\">\n<!-- tailor:tailor_content:5f4d101ccfbg2 -->\n<div class=\"tailor-element tailor-content tailor-5f4d101ccfbg2\">\n<div class=\"container\">\n<h1 style=\"text-align: left\"><span style=\"color: #006141\">Avalia\u00e7\u00e3o Organol\u00e9tica<\/span><\/h1>\n<p style=\"text-align: left\"><strong><span style=\"color: #006141\">O nosso painel conta com mais de 25 anos de experi\u00eancia no Setor Ole\u00edcola<\/span><\/strong> com <span style=\"color: #006141\"><strong> provadores qualificados <\/strong><span style=\"color: #333333\">de acordo com a norma COI \/T. 20\/ Doc. n\u00ba 14, encontrando-se ao abrigo da nossa<\/span><\/span><span style=\"color: #333333\">no. 14, <b style=\"color: #006141\">Acredita\u00e7\u00e3o n\u00ba 749\/LE1295<\/b><\/span><\/p>\n<p><span style=\"font-weight: 400\">No caso do azeite virgem, ao contr\u00e1rio dos outros \u00f3leos vegetais, as qualidades organol\u00e9ticas (aroma, sabor,&#8230;) s\u00e3o de uma especial import\u00e2ncia por se tratar de um aut\u00eantico sumo natural, com atributos sensoriais pr\u00f3prios, tornando-o verdadeiramente apetec\u00edvel, al\u00e9m de proporcionar uma s\u00e9rie de benef\u00edcios a quem o consome regularmente. \u00c9 evidente que, de tudo isto, a avalia\u00e7\u00e3o das caracter\u00edsticas sensoriais de cada \u00f3leo deve ser s\u00e9ria e cient\u00edfica, uma vez que, daqui para a frente, se tornar\u00e1 uma fonte de informa\u00e7\u00e3o para os consumidores.<\/span><\/p>\n<p style=\"text-align: left\"><span style=\"font-weight: 400\">O controlo no processo de obten\u00e7\u00e3o de azeites virgens \u00e9 fundamental para garantir a qualidade final do produto. Esse controlo n\u00e3o deve centrar-se apenas na fase de produ\u00e7\u00e3o, mas deve ser um processo cont\u00ednuo que vai desde a gest\u00e3o de recolha da mat\u00e9ria-prima at\u00e9 \u00e0 fase de embalamento do produto final.<\/span><\/p>\n<\/div>\n<\/div>\n<!-- \/tailor:tailor_content:5f4d101ccfbg2 -->\n<\/div>\n<!-- \/tailor:tailor_column:5f4d101ccfbg3 -->\n<\/div>\n<!-- \/tailor:tailor_row:5f4d101ccfbf9 -->\n<\/div>\n<\/div>\n<!-- \/tailor:tailor_section:5f4d101ccfbf8 -->\n","protected":false},"excerpt":{"rendered":"<p>Avalia\u00e7\u00e3o Organol\u00e9tica O nosso painel conta com mais de 25 anos de experi\u00eancia no Setor Ole\u00edcola com provadores qualificados de acordo com a norma COI \/T. 20\/ Doc. n\u00ba 14, encontrando-se ao abrigo da nossano. 14, Acredita\u00e7\u00e3o n\u00ba 749\/LE1295 No caso do azeite virgem, ao contr\u00e1rio dos outros \u00f3leos vegetais, as qualidades organol\u00e9ticas (aroma, sabor,&#8230;)<\/p>\n","protected":false},"author":15,"featured_media":829,"parent":742,"menu_order":0,"comment_status":"closed","ping_status":"closed","template":"","meta":{"inline_featured_image":false},"acf":false,"_links":{"self":[{"href":"https:\/\/www.laboratoriotello.com\/pt\/wp-json\/wp\/v2\/pages\/764"}],"collection":[{"href":"https:\/\/www.laboratoriotello.com\/pt\/wp-json\/wp\/v2\/pages"}],"about":[{"href":"https:\/\/www.laboratoriotello.com\/pt\/wp-json\/wp\/v2\/types\/page"}],"author":[{"embeddable":true,"href":"https:\/\/www.laboratoriotello.com\/pt\/wp-json\/wp\/v2\/users\/15"}],"replies":[{"embeddable":true,"href":"https:\/\/www.laboratoriotello.com\/pt\/wp-json\/wp\/v2\/comments?post=764"}],"version-history":[{"count":17,"href":"https:\/\/www.laboratoriotello.com\/pt\/wp-json\/wp\/v2\/pages\/764\/revisions"}],"predecessor-version":[{"id":1354,"href":"https:\/\/www.laboratoriotello.com\/pt\/wp-json\/wp\/v2\/pages\/764\/revisions\/1354"}],"up":[{"embeddable":true,"href":"https:\/\/www.laboratoriotello.com\/pt\/wp-json\/wp\/v2\/pages\/742"}],"wp:featuredmedia":[{"embeddable":true,"href":"https:\/\/www.laboratoriotello.com\/pt\/wp-json\/wp\/v2\/media\/829"}],"wp:attachment":[{"href":"https:\/\/www.laboratoriotello.com\/pt\/wp-json\/wp\/v2\/media?parent=764"}],"curies":[{"name":"wp","href":"https:\/\/api.w.org\/{rel}","templated":true}]}}