{"id":760,"date":"2018-09-12T10:09:44","date_gmt":"2018-09-12T10:09:44","guid":{"rendered":"http:\/\/www.tentamus.com\/ja-tello-en\/?page_id=760"},"modified":"2025-08-21T09:11:06","modified_gmt":"2025-08-21T09:11:06","slug":"fisico-quimica","status":"publish","type":"page","link":"https:\/\/www.laboratoriotello.com\/pt\/servicos\/fisico-quimica\/","title":{"rendered":"F\u00edsicoqu\u00edmica"},"content":{"rendered":"<!-- tailor:tailor_section:68a6e2aa964f4 -->\n<div class=\"tailor-element tailor-section tailor-68a6e2aa964f4\">\n<div class=\"tailor-section__content\"><!-- tailor:tailor_row:68a6e2aa964f5 -->\n<div class=\"tailor-element tailor-row tablet-columns tailor-68a6e2aa964f5\"><!-- tailor:tailor_column:68a6e2aa964f6 -->\n<div class=\"tailor-column tailor-68a6e2aa964f6\"><!-- tailor:tailor_widgets:68a6e2aa964f7 --><div  class=\"tailor-element tailor-widget-area service_custom_menu  tailor-68a6e2aa964f7\"><section class=\"nav_menu-13 widget_nav_menu\"><h3>\u00c1REAS DO LABORAT\u00d3RIO<\/h3><div class=\"menu-areas-do-laboratorio-container\"><ul id=\"menu-areas-do-laboratorio\" class=\"menu\"><li id=\"menu-item-763\" class=\"menu-item menu-item-type-post_type menu-item-object-page menu-item-763\"><a href=\"https:\/\/www.laboratoriotello.com\/pt\/servicos\/fisico-quimica\/\">Fisicoqu\u00edmica<\/a><\/li>\n<li id=\"menu-item-770\" class=\"menu-item menu-item-type-post_type menu-item-object-page menu-item-770\"><a href=\"https:\/\/www.laboratoriotello.com\/pt\/servicos\/avaliacao-organoletica\/\">Avalia\u00e7\u00e3o Organol\u00e9tica<\/a><\/li>\n<li id=\"menu-item-769\" class=\"menu-item menu-item-type-post_type menu-item-object-page menu-item-769\"><a href=\"https:\/\/www.laboratoriotello.com\/pt\/servicos\/consultoria-e-formacao\/\">Consultoria e Forma\u00e7\u00e3o<\/a><\/li>\n<\/ul><\/div><\/section><section class=\"nav_menu-14 widget_nav_menu\"><h3>ANALISAMOS<\/h3><div class=\"menu-analisamos-container\"><ul id=\"menu-analisamos\" class=\"menu\"><li id=\"menu-item-795\" class=\"menu-item menu-item-type-post_type menu-item-object-page menu-item-795\"><a href=\"https:\/\/www.laboratoriotello.com\/pt\/analise\/azeite\/\">Azeite<\/a><\/li>\n<li id=\"menu-item-794\" class=\"menu-item menu-item-type-post_type menu-item-object-page menu-item-794\"><a href=\"https:\/\/www.laboratoriotello.com\/pt\/analise\/oleos-vegetais\/\">\u00d3leos Vegetais<\/a><\/li>\n<li id=\"menu-item-812\" class=\"menu-item menu-item-type-post_type menu-item-object-page menu-item-812\"><a href=\"https:\/\/www.laboratoriotello.com\/pt\/analise\/azeitona\/\">Azeitona e Baga\u00e7o de Azeitona<\/a><\/li>\n<li id=\"menu-item-810\" class=\"menu-item menu-item-type-post_type menu-item-object-page menu-item-810\"><a href=\"https:\/\/www.laboratoriotello.com\/pt\/analise\/sementes-oleaginosas\/\">Sementes Oleaginosas e Gorduras nos Alimentos<\/a><\/li>\n<\/ul><\/div><\/section><\/div><!-- \/tailor:tailor_widgets:68a6e2aa964f7 --><\/div>\n<!-- \/tailor:tailor_column:68a6e2aa964f6 --><!-- tailor:tailor_column:68a6e2aa964f9 -->\n<div class=\"tailor-column tailor-68a6e2aa964f9\"><!-- tailor:tailor_content:68a6e2aa964f8 -->\n<div class=\"tailor-element tailor-content tailor-68a6e2aa964f8\">\n<div class=\"container\">\n<h1 style=\"text-align: left\"><span style=\"color: #006141\">F\u00edsico-Qu\u00edmica<\/span><\/h1>\n<p class=\"Default\" style=\"text-align: left\">O Laborat\u00f3rio Tello efetua todas as determina\u00e7\u00f5es das caracter\u00edsticas dos azeites de acordo com o Regulamento (CE) n\u00ba 2022\/2104 e altera\u00e7\u00f5es subsequentes. Oferecemos uma ampla gama de servi\u00e7os anal\u00edticos em que analisamos <span style=\"color: #006141\"><strong>Par\u00e2metros de Qualidade, Par\u00e2metros de Pureza e Contaminantes.<\/strong><\/span><\/p>\n<p class=\"Default\" style=\"text-align: left\">A principal miss\u00e3o do Laborat\u00f3rio Tello \u00e9 oferecer aos seus clientes uma resposta tecnicamente competente, o que nos obriga a adaptar e a incorporar novas determina\u00e7\u00f5es sugeridas pelas exig\u00eancias do mercado.<\/p>\n<p class=\"Default\" style=\"text-align: left\">Deste facto, resulta a incorpora\u00e7\u00e3o de <span style=\"color: #006141\"><strong>equipamentos de \u00faltima gera\u00e7\u00e3o<\/strong><\/span> (Bruker, Aghilent, Perking, Wather&#8230;) sujeitos <span style=\"color: #006141\"><strong>a controlos exaustivos <\/strong><\/span>, m\u00e9todos de an\u00e1lise validados de acordo com normas internacionais e um controlo rigoroso que garante os nossos resultados. Permite-nos tamb\u00e9m incorporar par\u00e2metros de qualidade n\u00e3o inclu\u00eddos no regulamento da UE, o que traz um valor acrescentado.<\/p>\n<p style=\"text-align: left\"><span style=\"color: #006141\"><strong>\u00b7 Analisamos uma ampla gama de contaminantes, incluindo todos os enumerados no Regulamento (CE) n.\u00ba2023\/915.<\/strong><\/span><\/p>\n<p style=\"text-align: left\">Al\u00e9m disso, o nosso portef\u00f3lio de servi\u00e7os inclui determina\u00e7\u00f5es em \u00f3leos vegetais comest\u00edveis (de acordo com o regulamento RD_308_1983 e altera\u00e7\u00f5es subsequentes, como com as especificadas no Codex).<\/p>\n<\/div>\n<\/div>\n<!-- \/tailor:tailor_content:68a6e2aa964f8 --><\/div>\n<!-- \/tailor:tailor_column:68a6e2aa964f9 --><\/div>\n<!-- \/tailor:tailor_row:68a6e2aa964f5 --><\/div>\n<\/div>\n<!-- \/tailor:tailor_section:68a6e2aa964f4 -->\n","protected":false},"excerpt":{"rendered":"<p>F\u00edsico-Qu\u00edmica O Laborat\u00f3rio Tello efetua todas as determina\u00e7\u00f5es das caracter\u00edsticas dos azeites de acordo com o Regulamento (CE) n\u00ba 2022\/2104 e altera\u00e7\u00f5es subsequentes. Oferecemos uma ampla gama de servi\u00e7os anal\u00edticos em que analisamos Par\u00e2metros de Qualidade, Par\u00e2metros de Pureza e Contaminantes. A principal miss\u00e3o do Laborat\u00f3rio Tello \u00e9 oferecer aos seus clientes uma resposta tecnicamente<\/p>\n","protected":false},"author":15,"featured_media":829,"parent":742,"menu_order":0,"comment_status":"closed","ping_status":"closed","template":"","meta":{"inline_featured_image":false},"acf":false,"_links":{"self":[{"href":"https:\/\/www.laboratoriotello.com\/pt\/wp-json\/wp\/v2\/pages\/760"}],"collection":[{"href":"https:\/\/www.laboratoriotello.com\/pt\/wp-json\/wp\/v2\/pages"}],"about":[{"href":"https:\/\/www.laboratoriotello.com\/pt\/wp-json\/wp\/v2\/types\/page"}],"author":[{"embeddable":true,"href":"https:\/\/www.laboratoriotello.com\/pt\/wp-json\/wp\/v2\/users\/15"}],"replies":[{"embeddable":true,"href":"https:\/\/www.laboratoriotello.com\/pt\/wp-json\/wp\/v2\/comments?post=760"}],"version-history":[{"count":16,"href":"https:\/\/www.laboratoriotello.com\/pt\/wp-json\/wp\/v2\/pages\/760\/revisions"}],"predecessor-version":[{"id":1706,"href":"https:\/\/www.laboratoriotello.com\/pt\/wp-json\/wp\/v2\/pages\/760\/revisions\/1706"}],"up":[{"embeddable":true,"href":"https:\/\/www.laboratoriotello.com\/pt\/wp-json\/wp\/v2\/pages\/742"}],"wp:featuredmedia":[{"embeddable":true,"href":"https:\/\/www.laboratoriotello.com\/pt\/wp-json\/wp\/v2\/media\/829"}],"wp:attachment":[{"href":"https:\/\/www.laboratoriotello.com\/pt\/wp-json\/wp\/v2\/media?parent=760"}],"curies":[{"name":"wp","href":"https:\/\/api.w.org\/{rel}","templated":true}]}}