{"id":746,"date":"2018-09-12T10:02:33","date_gmt":"2018-09-12T10:02:33","guid":{"rendered":"http:\/\/www.tentamus.com\/ja-tello-en\/?page_id=746"},"modified":"2021-08-05T07:33:44","modified_gmt":"2021-08-05T07:33:44","slug":"quem-somos","status":"publish","type":"page","link":"https:\/\/www.laboratoriotello.com\/pt\/quem-somos\/","title":{"rendered":"Quem somos"},"content":{"rendered":"<!-- tailor:tailor_section:610b9458450c0 -->\n<div class=\"tailor-element tailor-section tailor-610b9458450c0\">\n<div class=\"tailor-section__content\"><!-- tailor:tailor_content:610b9458450c1 -->\n<div class=\"tailor-element tailor-content tailor-610b9458450c1\">\n<!-- tailor:tailor_section:5f4d246f0967d -->\n<div class=\"tailor-element tailor-section tailor-5f4d246f0967d\">\n<div class=\"tailor-section__content\">\n<!-- tailor:tailor_content:5f4d246f0967e -->\n<div class=\"tailor-element tailor-content tailor-5f4d246f0967e\">\n<h1 style=\"text-align: center\">Empresa<\/h1>\n<div class=\"entry-content\">\n<h2 style=\"text-align: center\"><span style=\"color: #036543\">HIST\u00d3RIA<\/span> \u00a0 |\u00a0\u00a0 <span style=\"color: #036543\">COMPET\u00caNCIA<\/span><\/h2>\n<\/div>\n<\/div>\n<!-- \/tailor:tailor_content:5f4d246f0967e --><!-- tailor:tailor_row:5f4d246f0967g -->\n<div class=\"tailor-element tailor-row tablet-columns tailor-5f4d246f0967g\">\n<!-- tailor:tailor_column:5f4d246f0967f -->\n<div class=\"tailor-column tailor-5f4d246f0967f\">\n<!-- tailor:tailor_content:5f4d246f0967h -->\n<div class=\"tailor-element tailor-content tailor-5f4d246f0967h\">\n<p style=\"text-align: justify\"><span style=\"font-weight: 400\">Desde 1993, que o Laborat\u00f3rio Tello se especializou em an\u00e1lises de Azeitonas e Baga\u00e7o de Azeitona, Consultoria T\u00e9cnica a Lagares e Embaladores, An\u00e1lise de Azeite e seus derivados,\u00a0 An\u00e1lise de outros \u00d3leos Vegetais e An\u00e1lise de Gorduras nos Alimentos. <\/span><\/p>\n<p style=\"text-align: justify\"><span style=\"font-weight: 400\">Gra\u00e7as \u00e0 confian\u00e7a dos nossos clientes, mantivemos um crescimento constante incorporando novos servi\u00e7os anal\u00edticos e t\u00e9cnicas anal\u00edticas cada vez mais eficazes, dotando-os com equipamentos de \u00faltima gera\u00e7\u00e3o.<\/span><\/p>\n<\/div>\n<p style=\"text-align: justify\"><!-- \/tailor:tailor_content:5f4d246f0967h -->\n<\/div>\n<p style=\"text-align: justify\"><!-- \/tailor:tailor_column:5f4d246f0967f --><!-- tailor:tailor_column:5f4d246f0967j -->\n<div class=\"tailor-column tailor-5f4d246f0967j\">\n<p style=\"text-align: justify\"><!-- tailor:tailor_content:5f4d246f0967i -->\n<div class=\"tailor-element tailor-content tailor-5f4d246f0967i\">\n<p style=\"text-align: justify\"><span style=\"font-weight: 400\">Al\u00e9m disso, promovemos, desde sempre, a constitui\u00e7\u00e3o de uma equipa de profissionais altamente qualificados para o desempenho das suas fun\u00e7\u00f5es e com uma vasta experi\u00eancia no setor. Na nossa equipa, temos m\u00e9dicos e licenciados em v\u00e1rias mat\u00e9rias, que garantem uma resposta eficaz face a qualquer quest\u00e3o t\u00e9cnica.<\/span><\/p>\n<p style=\"text-align: justify\"><span style=\"font-weight: 400\">O Laborat\u00f3rio Tello conta com a acredita\u00e7\u00e3o ENAC (Entidade Nacional de Acredita\u00e7\u00e3o de Espanha) para a realiza\u00e7\u00e3o de Ensaios de produtos agroalimentares e possui o reconhecimento do C.O.I. (Conselho Ole\u00edcola Internacional) como laborat\u00f3rio f\u00edsico-qu\u00edmico e de contaminantes<\/span><\/p>\n<\/div>\n<!-- \/tailor:tailor_content:5f4d246f0967i -->\n<\/div>\n<!-- \/tailor:tailor_column:5f4d246f0967j -->\n<\/div>\n<!-- \/tailor:tailor_row:5f4d246f0967g --><!-- tailor:tailor_row:5f4d246f0968c -->\n<div class=\"tailor-element tailor-row tablet-columns tailor-5f4d246f0968c\">\n<!-- tailor:tailor_column:5f4d246f0968b -->\n<div class=\"tailor-column tailor-5f4d246f0968b\">\n<!-- tailor:tailor_button:5f4d246f0968h -->\n<div class=\"tailor-element tailor-button tailor-button--default tailor-5f4d246f0968h tailor-button--medium tailor-button--medium-mobile tailor-button--medium-tablet u-text-center\"><span style=\"color: #006236\"><a class=\"tailor-button__inner\" style=\"color: #006236\" href=\"https:\/\/www.laboratoriotello.com\/pt\/wp-content\/uploads\/sites\/83\/2017\/02\/Politica-de-Calidad-Laboratorio-Tello.pdf\" target=\"_blank\" rel=\"noopener noreferrer\">A nossa Pol\u00edtica de Qualidade<\/a><\/span><\/div>\n<!-- \/tailor:tailor_button:5f4d246f0968h -->\n<\/div>\n<!-- \/tailor:tailor_column:5f4d246f0968b --><!-- tailor:tailor_column:5f4d246f0968e -->\n<div class=\"tailor-column tailor-5f4d246f0968e\">\n<!-- tailor:tailor_button:5f4d246f0968d -->\n<div class=\"tailor-element tailor-button tailor-button--default tailor-5f4d246f0968d tailor-button--medium tailor-button--medium-mobile tailor-button--medium-tablet u-text-center\"><span style=\"color: #006236\"><a class=\"tailor-button__inner\" style=\"color: #006236\" href=\"https:\/\/www.laboratoriotello.com\/pt\/wp-content\/uploads\/sites\/83\/2017\/02\/Politica-de-Quejas-Laboratorio-Tello.pdf\" target=\"_blank\" rel=\"noopener noreferrer\">A nossa Pol\u00edtica de Reclama\u00e7\u00f5es<\/a><\/span><\/div>\n<!-- \/tailor:tailor_button:5f4d246f0968d -->\n<\/div>\n<!-- \/tailor:tailor_column:5f4d246f0968e --><!-- tailor:tailor_column:5f4d246f0968g -->\n<div class=\"tailor-column tailor-5f4d246f0968g\">\n<!-- tailor:tailor_button:5f4d246f0968f -->\n<div class=\"tailor-element tailor-button tailor-button--default tailor-5f4d246f0968f tailor-button--medium tailor-button--medium-mobile tailor-button--medium-tablet u-text-center\"><span style=\"color: #006236\"><a class=\"tailor-button__inner\" style=\"color: #006236\" href=\"https:\/\/www.laboratoriotello.com\/en\/wp-content\/uploads\/sites\/49\/2020\/02\/Privacy-Policy-Laboratorio-Tello.pdf\" target=\"_blank\" rel=\"noopener noreferrer\">A nossa Pol\u00edtica de Privacidade<\/a><\/span><\/div>\n<!-- \/tailor:tailor_button:5f4d246f0968f -->\n<\/div>\n<!-- \/tailor:tailor_column:5f4d246f0968g -->\n<\/div>\n<!-- \/tailor:tailor_row:5f4d246f0968c -->\n<\/div>\n<\/div>\n<!-- \/tailor:tailor_section:5f4d246f0967d --><!-- tailor:tailor_section:5f4d246f0967l -->\n<div class=\"tailor-element tailor-section tailor-5f4d246f0967l\">\n<div class=\"tailor-section__content\">\n<!-- tailor:tailor_content:5f4d246f0967k -->\n<div class=\"tailor-element tailor-content tailor-5f4d246f0967k\">\n<h1>\u00a0<\/h1>\n<h1 style=\"text-align: center\"><span style=\"font-size: 40px\">Apostamos na inova\u00e7\u00e3o e na forma\u00e7\u00e3o cont\u00ednua.<\/span><\/h1>\n<p>\u00a0<\/p>\n<\/div>\n<!-- \/tailor:tailor_content:5f4d246f0967k -->\n<\/div>\n<\/div>\n<!-- \/tailor:tailor_section:5f4d246f0967l --><!-- tailor:tailor_section:5f4d246f0967n -->\n<div class=\"tailor-element tailor-section tailor-5f4d246f0967n\">\n<div class=\"tailor-section__content\">\n<!-- tailor:tailor_row:5f4d246f0967m -->\n<div class=\"tailor-element tailor-row tablet-columns tailor-5f4d246f0967m\">\n<!-- tailor:tailor_column:5f4d246f0967o -->\n<div class=\"tailor-column tailor-5f4d246f0967o\">\n<!-- tailor:tailor_content:5f4d246f0967p -->\n<div class=\"tailor-element tailor-content tailor-5f4d246f0967p\">\n<p><img decoding=\"async\" loading=\"lazy\" class=\"alignnone size-full wp-image-1037\" src=\"https:\/\/www.laboratoriotello.com\/en\/wp-content\/uploads\/sites\/49\/2018\/11\/Juan-Antonio-Tello-LaboratorioTello-Tentamus.jpg\" alt=\"\" width=\"360\" height=\"480\" srcset=\"https:\/\/www.laboratoriotello.com\/pt\/wp-content\/uploads\/sites\/125\/2018\/11\/Juan-Antonio-Tello-LaboratorioTello-Tentamus.jpg 360w, https:\/\/www.laboratoriotello.com\/pt\/wp-content\/uploads\/sites\/125\/2018\/11\/Juan-Antonio-Tello-LaboratorioTello-Tentamus-225x300.jpg 225w\" sizes=\"(max-width: 360px) 100vw, 360px\" \/><\/p>\n<\/div>\n<!-- \/tailor:tailor_content:5f4d246f0967p --><!-- tailor:tailor_content:5f4d246f0968i -->\n<div class=\"tailor-element tailor-content tailor-5f4d246f0968i\">\n<h2 style=\"text-align: center\"><span style=\"font-size: 18pt\">Juan Antonio Tello<br \/><span style=\"text-align: center;font-size: 14pt\">Dire\u00e7\u00e3o<\/span><\/span><\/h2>\n<\/div>\n<!-- \/tailor:tailor_content:5f4d246f0968i -->\n<\/div>\n<!-- \/tailor:tailor_column:5f4d246f0967o --><!-- tailor:tailor_column:5f4d246f0967r -->\n<div class=\"tailor-column tailor-5f4d246f0967r\">\n<!-- tailor:tailor_content:5f4d246f0967q -->\n<div class=\"tailor-element tailor-content tailor-5f4d246f0967q\">\n<p><img decoding=\"async\" loading=\"lazy\" class=\"alignnone size-full wp-image-1036\" src=\"https:\/\/www.laboratoriotello.com\/en\/wp-content\/uploads\/sites\/49\/2018\/11\/M-Dolores-Li%C3%A9banaTello-LaboratorioTello-Tentamus-1.jpg\" alt=\"\" width=\"360\" height=\"480\" \/><\/p>\n<\/div>\n<!-- \/tailor:tailor_content:5f4d246f0967q --><!-- tailor:tailor_content:5f4d246f0968j -->\n<div class=\"tailor-element tailor-content tailor-5f4d246f0968j\">\n<h2 style=\"text-align: center\"><span style=\"font-size: 18pt\">Mar\u00eda Dolores Li\u00e9bana<br \/><span style=\"text-align: center;font-size: 14pt\">Sub-Dire\u00e7\u00e3o<\/span><\/span><\/h2>\n<\/div>\n<!-- \/tailor:tailor_content:5f4d246f0968j -->\n<\/div>\n<!-- \/tailor:tailor_column:5f4d246f0967r --><!-- tailor:tailor_column:5f4d246f0967t -->\n<div class=\"tailor-column tailor-5f4d246f0967t\">\n<!-- tailor:tailor_content:5f4d246f0967s -->\n<div class=\"tailor-element tailor-content tailor-5f4d246f0967s\">\n<p><img decoding=\"async\" loading=\"lazy\" class=\"alignnone size-full wp-image-1034\" src=\"https:\/\/www.laboratoriotello.com\/en\/wp-content\/uploads\/sites\/49\/2018\/11\/Mar%C3%ADa-Tello-LaboratorioTello-Tentamus.jpg\" alt=\"\" width=\"360\" height=\"480\" \/><\/p>\n<\/div>\n<!-- \/tailor:tailor_content:5f4d246f0967s --><!-- tailor:tailor_content:5f4d246f0968k -->\n<div class=\"tailor-element tailor-content tailor-5f4d246f0968k\">\n<h2 style=\"text-align: center\"><span style=\"font-size: 18pt\">Mar\u00eda Tello<br \/><span style=\"text-align: center;font-size: 14pt\">Vice Diretor<br \/><\/span><\/span><\/h2>\n<\/div>\n<!-- \/tailor:tailor_content:5f4d246f0968k -->\n<\/div>\n<!-- \/tailor:tailor_column:5f4d246f0967t -->\n<\/div>\n<!-- \/tailor:tailor_row:5f4d246f0967m --><!-- tailor:tailor_row:5f4d246f0967v -->\n<div class=\"tailor-element tailor-row tablet-columns tailor-5f4d246f0967v\">\n<!-- tailor:tailor_column:5f4d246f0967u -->\n<div class=\"tailor-column tailor-5f4d246f0967u\">\n<!-- tailor:tailor_content:5f4d246f0967w -->\n<div class=\"tailor-element tailor-content tailor-5f4d246f0967w\">\n<p><img decoding=\"async\" loading=\"lazy\" class=\"alignnone size-full wp-image-1039\" src=\"https:\/\/www.laboratoriotello.com\/en\/wp-content\/uploads\/sites\/49\/2018\/11\/Bel%C3%A9n-Mu%C3%B1oz-LaboratorioTello-Tentamus-1.jpg\" alt=\"\" width=\"360\" height=\"480\" \/><\/p>\n<\/div>\n<!-- \/tailor:tailor_content:5f4d246f0967w --><!-- tailor:tailor_content:5f4d246f0968l -->\n<div class=\"tailor-element tailor-content tailor-5f4d246f0968l\">\n<h2 style=\"text-align: center\"><span style=\"font-size: 18pt\">M\u00aa Bel\u00e9n Mu\u00f1oz<br \/><span style=\"text-align: center;font-size: 14pt\">Respons\u00e1vel de Qualidade<\/span><\/span><\/h2>\n<\/div>\n<!-- \/tailor:tailor_content:5f4d246f0968l -->\n<\/div>\n<!-- \/tailor:tailor_column:5f4d246f0967u --><!-- tailor:tailor_column:5f4d246f0967y -->\n<div class=\"tailor-column tailor-5f4d246f0967y\">\n<!-- tailor:tailor_content:5f4d246f0967x -->\n<div class=\"tailor-element tailor-content tailor-5f4d246f0967x\">\n<p><img decoding=\"async\" loading=\"lazy\" class=\"alignnone size-full wp-image-1041\" src=\"https:\/\/www.laboratoriotello.com\/en\/wp-content\/uploads\/sites\/49\/2018\/11\/MariaLuisa-Cuenca-LaboratorioTello-Tentamus-1.jpg\" alt=\"\" width=\"360\" height=\"480\" srcset=\"https:\/\/www.laboratoriotello.com\/pt\/wp-content\/uploads\/sites\/125\/2018\/11\/MariaLuisa-Cuenca-LaboratorioTello-Tentamus-1.jpg 360w, https:\/\/www.laboratoriotello.com\/pt\/wp-content\/uploads\/sites\/125\/2018\/11\/MariaLuisa-Cuenca-LaboratorioTello-Tentamus-1-225x300.jpg 225w\" sizes=\"(max-width: 360px) 100vw, 360px\" \/><\/p>\n<\/div>\n<!-- \/tailor:tailor_content:5f4d246f0967x --><!-- tailor:tailor_content:5f4d246f0968m -->\n<div class=\"tailor-element tailor-content tailor-5f4d246f0968m\">\n<h2 style=\"text-align: center\"><span style=\"font-size: 18pt\"> M\u00aa Luisa Cuenca<br \/><span style=\"text-align: center;font-size: 14pt\">Chefe de Laborat\u00f3rio<\/span><\/span><\/h2>\n<\/div>\n<!-- \/tailor:tailor_content:5f4d246f0968m -->\n<\/div>\n<!-- \/tailor:tailor_column:5f4d246f0967y --><!-- tailor:tailor_column:5f4d246f0968a -->\n<div class=\"tailor-column tailor-5f4d246f0968a\">\n<!-- tailor:tailor_content:5f4d246f0967z -->\n<div class=\"tailor-element tailor-content tailor-5f4d246f0967z\">\n<p><img decoding=\"async\" loading=\"lazy\" class=\"alignnone size-full wp-image-1040\" src=\"https:\/\/www.laboratoriotello.com\/en\/wp-content\/uploads\/sites\/49\/2018\/11\/Ana-Camacho-LaboratorioTello-Tentamus-1.jpg\" alt=\"\" width=\"360\" height=\"480\" srcset=\"https:\/\/www.laboratoriotello.com\/pt\/wp-content\/uploads\/sites\/125\/2018\/11\/Ana-Camacho-LaboratorioTello-Tentamus-1.jpg 360w, https:\/\/www.laboratoriotello.com\/pt\/wp-content\/uploads\/sites\/125\/2018\/11\/Ana-Camacho-LaboratorioTello-Tentamus-1-225x300.jpg 225w\" sizes=\"(max-width: 360px) 100vw, 360px\" \/><\/p>\n<\/div>\n<!-- \/tailor:tailor_content:5f4d246f0967z --><!-- tailor:tailor_content:5f4d246f0968n -->\n<div class=\"tailor-element tailor-content tailor-5f4d246f0968n\">\n<h2 style=\"text-align: center\"><span style=\"font-size: 18pt\">Ana M\u00aa Camacho<br \/><span style=\"text-align: center;font-size: 14pt\">Chefe de Panel Test<\/span><\/span><\/h2>\n<\/div>\n<!-- \/tailor:tailor_content:5f4d246f0968n -->\n<\/div>\n<!-- \/tailor:tailor_column:5f4d246f0968a -->\n<\/div>\n<!-- \/tailor:tailor_row:5f4d246f0967v -->\n<\/div>\n<\/div>\n<\/div>\n<!-- \/tailor:tailor_content:610b9458450c1 --><\/div>\n<\/div>\n<!-- \/tailor:tailor_section:610b9458450c0 -->\n","protected":false},"excerpt":{"rendered":"<p>Empresa HIST\u00d3RIA \u00a0 |\u00a0\u00a0 COMPET\u00caNCIA Desde 1993, que o Laborat\u00f3rio Tello se especializou em an\u00e1lises de Azeitonas e Baga\u00e7o de Azeitona, Consultoria T\u00e9cnica a Lagares e Embaladores, An\u00e1lise de Azeite e seus derivados,\u00a0 An\u00e1lise de outros \u00d3leos Vegetais e An\u00e1lise de Gorduras nos Alimentos. Gra\u00e7as \u00e0 confian\u00e7a dos nossos clientes, mantivemos um crescimento constante incorporando<\/p>\n","protected":false},"author":15,"featured_media":932,"parent":0,"menu_order":0,"comment_status":"closed","ping_status":"closed","template":"","meta":{"inline_featured_image":false},"acf":false,"_links":{"self":[{"href":"https:\/\/www.laboratoriotello.com\/pt\/wp-json\/wp\/v2\/pages\/746"}],"collection":[{"href":"https:\/\/www.laboratoriotello.com\/pt\/wp-json\/wp\/v2\/pages"}],"about":[{"href":"https:\/\/www.laboratoriotello.com\/pt\/wp-json\/wp\/v2\/types\/page"}],"author":[{"embeddable":true,"href":"https:\/\/www.laboratoriotello.com\/pt\/wp-json\/wp\/v2\/users\/15"}],"replies":[{"embeddable":true,"href":"https:\/\/www.laboratoriotello.com\/pt\/wp-json\/wp\/v2\/comments?post=746"}],"version-history":[{"count":55,"href":"https:\/\/www.laboratoriotello.com\/pt\/wp-json\/wp\/v2\/pages\/746\/revisions"}],"predecessor-version":[{"id":1540,"href":"https:\/\/www.laboratoriotello.com\/pt\/wp-json\/wp\/v2\/pages\/746\/revisions\/1540"}],"wp:featuredmedia":[{"embeddable":true,"href":"https:\/\/www.laboratoriotello.com\/pt\/wp-json\/wp\/v2\/media\/932"}],"wp:attachment":[{"href":"https:\/\/www.laboratoriotello.com\/pt\/wp-json\/wp\/v2\/media?parent=746"}],"curies":[{"name":"wp","href":"https:\/\/api.w.org\/{rel}","templated":true}]}}