{"id":744,"date":"2018-09-12T10:02:15","date_gmt":"2018-09-12T10:02:15","guid":{"rendered":"http:\/\/www.tentamus.com\/ja-tello-en\/?page_id=744"},"modified":"2025-11-19T12:00:28","modified_gmt":"2025-11-19T12:00:28","slug":"qualidade","status":"publish","type":"page","link":"https:\/\/www.laboratoriotello.com\/pt\/qualidade\/","title":{"rendered":"Qualidade"},"content":{"rendered":"<!-- tailor:tailor_section:691db15c7f1dg -->\n<div class=\"tailor-element tailor-section tailor-691db15c7f1dg\">\n<div class=\"tailor-section__content\"><!-- tailor:tailor_box:691db15c7f1di -->\n<div class=\"tailor-element tailor-box tailor-box--icon tailor-691db15c7f1di\">\n<h3 class=\"tailor-box__title\">Acredita\u00e7\u00f5es<\/h3>\n<div class=\"tailor-box__content\"><!-- tailor:tailor_content:691db15c7f1dh -->\n<div class=\"tailor-element tailor-content tailor-691db15c7f1dh\">\n<p><img decoding=\"async\" loading=\"lazy\" class=\"alignleft wp-image-1648 size-medium\" src=\"https:\/\/www.laboratoriotello.com\/pt\/wp-content\/uploads\/sites\/125\/2023\/05\/WEB_No749-_-LE1295-copia-300x181.png\" alt=\"\" width=\"300\" height=\"181\" srcset=\"https:\/\/www.laboratoriotello.com\/pt\/wp-content\/uploads\/sites\/125\/2023\/05\/WEB_No749-_-LE1295-copia-300x181.png 300w, https:\/\/www.laboratoriotello.com\/pt\/wp-content\/uploads\/sites\/125\/2023\/05\/WEB_No749-_-LE1295-copia-1024x619.png 1024w, https:\/\/www.laboratoriotello.com\/pt\/wp-content\/uploads\/sites\/125\/2023\/05\/WEB_No749-_-LE1295-copia-768x464.png 768w, https:\/\/www.laboratoriotello.com\/pt\/wp-content\/uploads\/sites\/125\/2023\/05\/WEB_No749-_-LE1295-copia.png 1210w\" sizes=\"(max-width: 300px) 100vw, 300px\" \/><\/p>\n<p>\u00a0<\/p>\n<p>\u00a0<\/p>\n<p>\u00a0<\/p>\n<p>\u00a0<\/p>\n<p>\u00a0<\/p>\n<p style=\"text-align: justify\">No Laborat\u00f3rio Tello apost\u00e1mos na implementa\u00e7\u00e3o de um sistema de gest\u00e3o de qualidade baseado na conformidade das compet\u00eancias t\u00e9cnicas internacionais da norma UNE-EN ISO\/IEC 17025, que confirma a compet\u00eancia t\u00e9cnica do nosso laborat\u00f3rio e garante a fiabilidade dos resultados dos ensaios.<\/p>\n<p style=\"text-align: justify\"><span style=\"color: #036543\"><strong>Atualmente, dispomos de acredita\u00e7\u00e3o outorgada pela Entidade Nacional de Acredita\u00e7\u00e3o (ENAC)<\/strong><\/span> de Espanha, de conformidade com os crit\u00e9rios da norma UNE-EN ISO\/IEC 17025, para a realiza\u00e7\u00e3o de testes f\u00edsico-qu\u00edmicos aos produtos agroalimentares especificados no nosso Anexo T\u00e9cnico.<\/p>\n<\/div>\n<!-- \/tailor:tailor_content:691db15c7f1dh --><!-- tailor:tailor_toggles:691db15c7f1dl -->\n<div class=\"tailor-element tailor-toggles tailor-691db15c7f1dl\"><!-- tailor:tailor_toggle:691db15c7f1dk -->\n<div class=\"tailor-toggle tailor-691db15c7f1dk\">\n<h3 class=\"tailor-toggle__title\"><i class=\"dashicons dashicons-media-document\"><\/i>Sistema de Gest\u00e3o de Qualidade acreditado sob a norma UNE-EN ISO\/IEC 17025<\/h3>\n<div class=\"tailor-toggle__body\"><!-- tailor:tailor_content:691db15c7f1dj -->\n<div class=\"tailor-element tailor-content tailor-691db15c7f1dj\">\n<p><span style=\"font-weight: 400\">Acredita\u00e7\u00e3o N\u00ba 749\/LE 1295:<\/span><\/p>\n<ul>\n<li><a href=\"https:\/\/www.laboratoriotello.com\/pt\/wp-content\/uploads\/sites\/125\/2025\/11\/749_LE1295.pdf\" target=\"_blank\" rel=\"noopener\">Anexo T\u00e9cnico<\/a><\/li>\n<li><a href=\"https:\/\/www.laboratoriotello.com\/pt\/wp-content\/uploads\/sites\/125\/2025\/11\/CERT_1552_LE_1295_rev2.pdf\" target=\"_blank\" rel=\"noopener\">Certificado de Acredita\u00e7\u00e3o<\/a><\/li>\n<\/ul>\n<\/div>\n<!-- \/tailor:tailor_content:691db15c7f1dj --><\/div>\n<\/div>\n<!-- \/tailor:tailor_toggle:691db15c7f1dk --><\/div>\n<!-- \/tailor:tailor_toggles:691db15c7f1dl --><\/div>\n<\/div>\n<!-- \/tailor:tailor_box:691db15c7f1di --><!-- tailor:tailor_box:691db15c7f1df -->\n<div class=\"tailor-element tailor-box tailor-box--icon tailor-691db15c7f1df\">\n<h3 class=\"tailor-box__title\">Reconhecimentos<\/h3>\n<div class=\"tailor-box__content\"><!-- tailor:tailor_content:691db15c7f1de -->\n<div class=\"tailor-element tailor-content tailor-691db15c7f1de\">\n<ul>\n<li><span style=\"color: #808080\">O Laborat\u00f3rio Tello conta com o <span style=\"color: #036543\"><strong>Reconhecimento do C.O.I. para an\u00e1lises F\u00edsico-Qu\u00edmicas e de Contaminantes<\/strong> <\/span> para o per\u00edodo de 1 de dezembro de 2019 a 30 de novembro de 2020.<\/span><\/li>\n<\/ul>\n<ul>\n<li style=\"list-style-type: none\">\n<ul>\n<li><a href=\"https:\/\/www.laboratoriotello.com\/pt\/wp-content\/uploads\/sites\/125\/2025\/02\/Certificado-COI-24.25.pdf\" target=\"_blank\" rel=\"noopener\">Certificado C.O.I of Laboratorio Tello for the current period.<\/a><\/li>\n<\/ul>\n<\/li>\n<\/ul>\n<p><img decoding=\"async\" loading=\"lazy\" class=\"wp-image-1021 alignleft\" src=\"https:\/\/www.laboratoriotello.com\/en\/wp-content\/uploads\/sites\/49\/2018\/11\/Lgo_COI.png\" alt=\"\" width=\"151\" height=\"130\" \/><\/p>\n<\/div>\n<!-- \/tailor:tailor_content:691db15c7f1de --><!-- tailor:tailor_content:691db15c7f1ep -->\n<div class=\"tailor-element tailor-content tailor-691db15c7f1ep\">\n<ul>\n<li><span style=\"color: #808080\"><span style=\"font-weight: 400\">Reconhecimento pelo <span style=\"color: #006141\"><strong>QV EXTRA<\/strong><\/span> como laborat\u00f3rio para<\/span><span style=\"color: #006141\"><strong>\u00a0realiza\u00e7\u00e3o de ensaios para a obten\u00e7\u00e3o do selo SIQEV.<\/strong><\/span><\/span><\/li>\n<\/ul>\n<\/div>\n<!-- \/tailor:tailor_content:691db15c7f1ep --><!-- tailor:tailor_content:691db15c7f1eq -->\n<div class=\"tailor-element tailor-content tailor-691db15c7f1eq\">\n<ul>\n<li style=\"text-align: justify\"><span style=\"color: #808080\"><span style=\"color: #006141\"><strong>Reconhecimento pelo SISCOLE,<\/strong><\/span> estabelecida pelo Minist\u00e9rio de Agricultura do Brasil, como laborat\u00f3rio autorizado a realizar testes nos azeites de exporta\u00e7\u00e3o para o Brasil.<br \/>\n<\/span><\/p>\n<ul>\n<li><a href=\"https:\/\/www.laboratoriotello.com\/pt\/wp-content\/uploads\/sites\/83\/2020\/05\/Certificado-registro-en-SISCOLE_Brasil.pdf\" target=\"_blank\" rel=\"noopener\">Certificado Siscole outorgado ao Laborat\u00f3rio Tello<br \/>\n<\/a><\/li>\n<\/ul>\n<\/li>\n<\/ul>\n<p><img decoding=\"async\" loading=\"lazy\" class=\"alignleft wp-image-1646\" src=\"https:\/\/www.laboratoriotello.com\/pt\/wp-content\/uploads\/sites\/83\/2020\/05\/thumbs.jpg\" alt=\"\" width=\"145\" height=\"154\" \/><\/p>\n<\/div>\n<!-- \/tailor:tailor_content:691db15c7f1eq --><\/div>\n<\/div>\n<!-- \/tailor:tailor_box:691db15c7f1df --><!-- tailor:tailor_box:691db15c7f1el -->\n<div class=\"tailor-element tailor-box tailor-box--icon tailor-691db15c7f1el\">\n<h3 class=\"tailor-box__title\">Certifica\u00e7\u00f5es<\/h3>\n<div class=\"tailor-box__content\"><!-- tailor:tailor_content:691db15c7f1ek -->\n<div class=\"tailor-element tailor-content tailor-691db15c7f1ek\">\n<p><img decoding=\"async\" loading=\"lazy\" class=\"size-full wp-image-1688 alignleft\" src=\"https:\/\/www.laboratoriotello.com\/pt\/wp-content\/uploads\/sites\/125\/2024\/11\/QualitySysCert_ISO9001_col.png\" alt=\"\" width=\"142\" height=\"171\" \/><\/p>\n<p style=\"text-align: left\"><span style=\"color: #808080\"><span style=\"font-weight: 400\">Contamos com o<\/span> <span style=\"color: #036543\"><strong>Sistema de Gest\u00e3o de Qualidade certificado de acordo com os crit\u00e9rios estabelecidos na Norma UNE EN ISO 9001 pelo Det Norske Veritas (DNV)<\/strong><\/span> <\/span><span style=\"color: #036543\"><strong>standard by Det Norske Veritas (DNV).<\/strong><\/span><span style=\"color: #808080\">O nosso campo de aplica\u00e7\u00e3o: &#8220;An\u00e1lise de azeitona e baga\u00e7o, an\u00e1lise de oleaginosas, \u00f3leos vegetais, alimentos gordurosos, gorduras animais e vegetais e seus derivados. An\u00e1lise de qu\u00edmica agr\u00edcola e \u00e1gua. Intermedia\u00e7\u00e3o no com\u00e9rcio de \u00f3leos e distribui\u00e7\u00e3o de adjuvantes. &#8220;<br \/><\/span><\/p>\n<\/div>\n<!-- \/tailor:tailor_content:691db15c7f1ek --><!-- tailor:tailor_toggles:691db15c7f1ei -->\n<div class=\"tailor-element tailor-toggles tailor-691db15c7f1ei\"><!-- tailor:tailor_toggle:691db15c7f1eh -->\n<div class=\"tailor-toggle tailor-691db15c7f1eh\">\n<h3 class=\"tailor-toggle__title\"><i class=\"dashicons dashicons-media-document\"><\/i>Sistema de Gest\u00e3o de Qualidade certificado sob a Norma UNE-EN ISO 9001<\/h3>\n<div class=\"tailor-toggle__body\"><!-- tailor:tailor_content:691db15c7f1ej -->\n<div class=\"tailor-element tailor-content tailor-691db15c7f1ej\">\n<ul>\n<li><a href=\"https:\/\/www.laboratoriotello.com\/pt\/wp-content\/uploads\/sites\/125\/2025\/01\/ISO_9001-ENG-C746978-3-20250101.pdf\" target=\"_blank\" rel=\"noopener\">Certificado ISO 9001<\/a><\/li>\n<\/ul>\n<\/div>\n<!-- \/tailor:tailor_content:691db15c7f1ej --><\/div>\n<\/div>\n<!-- \/tailor:tailor_toggle:691db15c7f1eh --><\/div>\n<!-- \/tailor:tailor_toggles:691db15c7f1ei --><\/div>\n<\/div>\n<!-- \/tailor:tailor_box:691db15c7f1el --><!-- tailor:tailor_box:691db15c7f1en -->\n<div class=\"tailor-element tailor-box tailor-box--icon tailor-691db15c7f1en\">\n<h3 class=\"tailor-box__title\"> Associado com<\/h3>\n<div class=\"tailor-box__content\"><!-- tailor:tailor_content:691db15c7f1em -->\n<div class=\"tailor-element tailor-content tailor-691db15c7f1em\">\n<p><img decoding=\"async\" loading=\"lazy\" class=\"wp-image-1473 size-thumbnail alignleft\" src=\"https:\/\/www.laboratoriotello.com\/pt\/wp-content\/uploads\/sites\/125\/2020\/10\/NAOOA-LaboratorioTello-150x150.jpg\" alt=\"\" width=\"150\" height=\"150\" srcset=\"https:\/\/www.laboratoriotello.com\/pt\/wp-content\/uploads\/sites\/125\/2020\/10\/NAOOA-LaboratorioTello-150x150.jpg 150w, https:\/\/www.laboratoriotello.com\/pt\/wp-content\/uploads\/sites\/125\/2020\/10\/NAOOA-LaboratorioTello-300x300.jpg 300w, https:\/\/www.laboratoriotello.com\/pt\/wp-content\/uploads\/sites\/125\/2020\/10\/NAOOA-LaboratorioTello-768x768.jpg 768w, https:\/\/www.laboratoriotello.com\/pt\/wp-content\/uploads\/sites\/125\/2020\/10\/NAOOA-LaboratorioTello-350x350.jpg 350w, https:\/\/www.laboratoriotello.com\/pt\/wp-content\/uploads\/sites\/125\/2020\/10\/NAOOA-LaboratorioTello.jpg 900w\" sizes=\"(max-width: 150px) 100vw, 150px\" \/><\/p>\n<p>\u00a0<\/p>\n<p style=\"text-align: left\"><span style=\"color: #808080\"><span>Membros da NOAA, um Laborat\u00f3rio Aceito pela North American Olive Oil Association, que conduz o maior e mais abrangente programa de teste e certifica\u00e7\u00e3o de azeite da Am\u00e9rica do Norte.<\/span><\/span><\/p>\n<\/div>\n<!-- \/tailor:tailor_content:691db15c7f1em --><!-- tailor:tailor_content:691db15c7f1eo -->\n<div class=\"tailor-element tailor-content tailor-691db15c7f1eo\">\n<p><img decoding=\"async\" loading=\"lazy\" class=\"wp-image-1747 size-thumbnail alignleft\" src=\"https:\/\/www.laboratoriotello.com\/pt\/wp-content\/uploads\/sites\/125\/2021\/02\/Laboratorio-Tello-Asociado-AEPAS.jpg\" alt=\"\" width=\"150\" height=\"150\" \/><span style=\"color: #808080\"><\/span><span style=\"color: #808080\">Laboratorio Tello, faz parte da AEPAS (Associa\u00e7\u00e3o Espanhola de Profissionais de An\u00e1lise Sensorial), fundada em 2010, que tem como objectivo reunir profissionais de an\u00e1lise sensorial e contribuir para o progresso da ci\u00eancia sensorial e sua aplica\u00e7\u00e3o.<\/span><\/p>\n<\/div>\n<!-- \/tailor:tailor_content:691db15c7f1eo --><\/div>\n<\/div>\n<!-- \/tailor:tailor_box:691db15c7f1en --><!-- tailor:tailor_toggles:691db15c7f1do -->\n<div class=\"tailor-element tailor-toggles tailor-691db15c7f1do\" data-initial=\"1\"><!-- tailor:tailor_toggle:691db15c7f1dn -->\n<div class=\"tailor-toggle tailor-691db15c7f1dn\">\n<h3 class=\"tailor-toggle__title\"><i class=\"dashicons dashicons-arrow-down-alt\"><\/i> Autoriza\u00e7\u00f5es<\/h3>\n<div class=\"tailor-toggle__body\"><!-- tailor:tailor_content:691db15c7f1dm -->\n<div class=\"tailor-element tailor-content tailor-691db15c7f1dm\">\n<ul>\n<li style=\"font-weight: 400\"><span style=\"font-weight: 400\">Autoriza\u00e7\u00e3o pela Dire\u00e7\u00e3o-Geral de Ind\u00fastria e promo\u00e7\u00e3o Agroalimentar (Conselho de Agricultura e Pescas da Junta de Andaluzia) N.\u00ba A-052-AU.<\/span><\/li>\n<li style=\"text-align: justify\"><span style=\"font-weight: 400\">Autoriza\u00e7\u00e3o do Conselho de Sa\u00fade e Bem-Estar Social de Castilla-La Mancha para a realiza\u00e7\u00e3o de an\u00e1lises sanit\u00e1rias de subst\u00e2ncias e produtos relacionados com a Sa\u00fade Ambiental e Alimentar. N\u00ba da Autoriza\u00e7\u00e3o: LA\/AL\/CS\/093<\/span><\/li>\n<li style=\"text-align: justify\"><span style=\"font-weight: 400\">Laborat\u00f3rio de Controlo Oficial n.\u00ba CO\/CS\/043 pelo Conselho de Sa\u00fade e Bem-Estar Social (Dire\u00e7\u00e3o-Geral de Castilla-La Mancha)<\/span><\/li>\n<\/ul>\n<\/div>\n<!-- \/tailor:tailor_content:691db15c7f1dm --><\/div>\n<\/div>\n<!-- \/tailor:tailor_toggle:691db15c7f1dn --><\/div>\n<!-- \/tailor:tailor_toggles:691db15c7f1do --><!-- tailor:tailor_content:691db15c7f1er -->\n<div class=\"tailor-element tailor-content tailor-691db15c7f1er\">\n<p><span style=\"color: #808080\">Exerc\u00edcios de compara\u00e7\u00e3o interlaboratoriais<\/span><\/p>\n<\/div>\n<!-- \/tailor:tailor_content:691db15c7f1er --><!-- tailor:tailor_row:691db15c7f1ds -->\n<div class=\"tailor-element tailor-row tablet-columns tailor-691db15c7f1ds\"><!-- tailor:tailor_column:691db15c7f1dr -->\n<div class=\"tailor-column tailor-691db15c7f1dr\"><!-- tailor:tailor_box:691db15c7f1dq -->\n<div class=\"tailor-element tailor-box tailor-box--image tailor-691db15c7f1dq u-text-center\">\n<div class=\"tailor-box__graphic\"><img decoding=\"async\" src=\"https:\/\/www.laboratoriotello.com\/pt\/wp-content\/uploads\/sites\/125\/2018\/09\/Lgo_COI.png\" alt=\"\"><\/div>\n<h3 class=\"tailor-box__title\">IOC\/ COI<\/h3>\n<div class=\"tailor-box__content\"><!-- tailor:tailor_content:691db15c7f1dp -->\n<div class=\"tailor-element tailor-content tailor-691db15c7f1dp\">\n<p style=\"text-align: center\"><span style=\"font-weight: 400\">Compara\u00e7\u00e3o interlaboratorial internacional em Azeites com participa\u00e7\u00e3o em an\u00e1lises f\u00edsico-qu\u00edmicas para tipo A (testes b\u00e1sicos), Tipo B (testes avan\u00e7ados) e Tipo C (res\u00edduos e testes de contaminantes)<\/span><\/p>\n<\/div>\n<!-- \/tailor:tailor_content:691db15c7f1dp --><\/div>\n<\/div>\n<!-- \/tailor:tailor_box:691db15c7f1dq --><!-- tailor:tailor_box:691db15c7f1dz -->\n<div class=\"tailor-element tailor-box tailor-box--image tailor-691db15c7f1dz u-text-center\">\n<div class=\"tailor-box__graphic\"><img decoding=\"async\" src=\"https:\/\/www.laboratoriotello.com\/pt\/wp-content\/uploads\/sites\/125\/2018\/09\/fapas-logo.png\" alt=\"\"><\/div>\n<h3 class=\"tailor-box__title\">FAPAS<\/h3>\n<div class=\"tailor-box__content\"><!-- tailor:tailor_content:691db15c7f1dy -->\n<div class=\"tailor-element tailor-content tailor-691db15c7f1dy\">\n<p><span style=\"font-weight: 400\">Compara\u00e7\u00e3o interlaboratorial internacional em \u00d3leos Vegetais com participa\u00e7\u00e3o em res\u00edduos e testes de contaminantes.<\/span><\/p>\n<\/div>\n<!-- \/tailor:tailor_content:691db15c7f1dy --><\/div>\n<\/div>\n<!-- \/tailor:tailor_box:691db15c7f1dz --><\/div>\n<!-- \/tailor:tailor_column:691db15c7f1dr --><!-- tailor:tailor_column:691db15c7f1dv -->\n<div class=\"tailor-column tailor-691db15c7f1dv\"><!-- tailor:tailor_box:691db15c7f1du -->\n<div class=\"tailor-element tailor-box tailor-box--image tailor-691db15c7f1du u-text-center\">\n<div class=\"tailor-box__graphic\"><img decoding=\"async\" src=\"https:\/\/www.laboratoriotello.com\/pt\/wp-content\/uploads\/sites\/125\/2018\/09\/logo_dgf.gif\" alt=\"\"><\/div>\n<h3 class=\"tailor-box__title\">DGF (Deutsche Gesellschaft f\u00fcr Fettwissenschaft)<\/h3>\n<div class=\"tailor-box__content\"><!-- tailor:tailor_content:691db15c7f1dt -->\n<div class=\"tailor-element tailor-content tailor-691db15c7f1dt\">\n<p style=\"text-align: center\"><span style=\"font-weight: 400\">Compara\u00e7\u00e3o interlaboratorial internacional em Azeites com participa\u00e7\u00e3o em an\u00e1lises f\u00edsico-qu\u00edmicas para Qualidade, Pureza, Res\u00edduos e testes de Contaminantes<\/span><\/p>\n<\/div>\n<!-- \/tailor:tailor_content:691db15c7f1dt --><\/div>\n<\/div>\n<!-- \/tailor:tailor_box:691db15c7f1du --><!-- tailor:tailor_box:691db15c7f1eg -->\n<div class=\"tailor-element tailor-box tailor-box--image tailor-691db15c7f1eg u-text-center\">\n<h3 class=\"tailor-box__title\">Programa LAA-MAPAMA para avalia\u00e7\u00e3o Organol\u00e9tica<\/h3>\n<div class=\"tailor-box__content\"><!-- tailor:tailor_content:691db15c7f1ef -->\n<div class=\"tailor-element tailor-content tailor-691db15c7f1ef\">\n<p style=\"text-align: center\"><span style=\"font-weight: 400\">Compara\u00e7\u00e3o interlaboratorial nacional para Avalia\u00e7\u00e3o Organol\u00e9tica em \u00d3leos Virgens<\/span><\/p>\n<\/div>\n<!-- \/tailor:tailor_content:691db15c7f1ef --><\/div>\n<\/div>\n<!-- \/tailor:tailor_box:691db15c7f1eg --><!-- tailor:tailor_box:691db15c7f1eb -->\n<div class=\"tailor-element tailor-box tailor-box--image tailor-691db15c7f1eb u-text-center\">\n<div class=\"tailor-box__graphic\"><img decoding=\"async\" src=\"https:\/\/www.laboratoriotello.com\/pt\/wp-content\/uploads\/sites\/125\/2020\/10\/LaboratorioTello-BIPEA.jpg\" alt=\"\"><\/div>\n<h3 class=\"tailor-box__title\">BIPEA<\/h3>\n<div class=\"tailor-box__content\"><!-- tailor:tailor_content:691db15c7f1ea -->\n<div class=\"tailor-element tailor-content tailor-691db15c7f1ea\">\n<p style=\"text-align: center\"><span style=\"font-weight: 400\">Intercompara\u00e7\u00e3o internacional em \u00d3leos Vegetais com participa\u00e7\u00e3o em Qualidade, Pureza, Res\u00edduos, Contaminantes e Outros.<\/span><\/p>\n<\/div>\n<!-- \/tailor:tailor_content:691db15c7f1ea --><\/div>\n<\/div>\n<!-- \/tailor:tailor_box:691db15c7f1eb --><\/div>\n<!-- \/tailor:tailor_column:691db15c7f1dv --><!-- tailor:tailor_column:691db15c7f1ec -->\n<div class=\"tailor-column tailor-691db15c7f1ec\"><!-- tailor:tailor_box:691db15c7f1dx -->\n<div class=\"tailor-element tailor-box tailor-box--image tailor-691db15c7f1dx u-text-center\">\n<div class=\"tailor-box__graphic\"><img decoding=\"async\" src=\"https:\/\/www.laboratoriotello.com\/pt\/wp-content\/uploads\/sites\/125\/2018\/09\/logo-GSC.png\" alt=\"\"><\/div>\n<h3 class=\"tailor-box__title\">GSC <\/h3>\n<div class=\"tailor-box__content\"><!-- tailor:tailor_content:691db15c7f1dw -->\n<div class=\"tailor-element tailor-content tailor-691db15c7f1dw\">\n<p style=\"text-align: center\"><span style=\"font-weight: 400\">Compara\u00e7\u00e3o interlaboratorial nacional em Azeites com participa\u00e7\u00e3o em an\u00e1lises f\u00edsico-qu\u00edmicas para Qualidade, Pureza, Res\u00edduos e testes de Contaminantes<\/span><\/p>\n<\/div>\n<!-- \/tailor:tailor_content:691db15c7f1dw --><\/div>\n<\/div>\n<!-- \/tailor:tailor_box:691db15c7f1dx --><!-- tailor:tailor_box:691db15c7f1ee -->\n<div class=\"tailor-element tailor-box tailor-box--image tailor-691db15c7f1ee u-text-center\">\n<div class=\"tailor-box__graphic\"><img decoding=\"async\" src=\"https:\/\/www.laboratoriotello.com\/pt\/wp-content\/uploads\/sites\/125\/2020\/10\/LaboratorioTello-LGC.jpg\" alt=\"\"><\/div>\n<h3 class=\"tailor-box__title\">Programa QFCS (Quality in Food Chemistry Scheme<\/h3>\n<div class=\"tailor-box__content\"><!-- tailor:tailor_content:691db15c7f1ed -->\n<div class=\"tailor-element tailor-content tailor-691db15c7f1ed\">\n<p style=\"text-align: center\"><span style=\"font-weight: 400\">Compara\u00e7\u00e3o interlaboratorial internacional em \u00d3leos Vegetais com participa\u00e7\u00e3o em res\u00edduos e testes de contaminantes<\/span><\/p>\n<\/div>\n<!-- \/tailor:tailor_content:691db15c7f1ed --><\/div>\n<\/div>\n<!-- \/tailor:tailor_box:691db15c7f1ee --><\/div>\n<!-- \/tailor:tailor_column:691db15c7f1ec --><\/div>\n<!-- \/tailor:tailor_row:691db15c7f1ds --><\/div>\n<\/div>\n<!-- \/tailor:tailor_section:691db15c7f1dg -->\n","protected":false},"excerpt":{"rendered":"<p>Acredita\u00e7\u00f5es \u00a0 \u00a0 \u00a0 \u00a0 \u00a0 No Laborat\u00f3rio Tello apost\u00e1mos na implementa\u00e7\u00e3o de um sistema de gest\u00e3o de qualidade baseado na conformidade das compet\u00eancias t\u00e9cnicas internacionais da norma UNE-EN ISO\/IEC 17025, que confirma a compet\u00eancia t\u00e9cnica do nosso laborat\u00f3rio e garante a fiabilidade dos resultados dos ensaios. Atualmente, dispomos de acredita\u00e7\u00e3o outorgada pela Entidade Nacional<\/p>\n","protected":false},"author":15,"featured_media":1377,"parent":0,"menu_order":0,"comment_status":"closed","ping_status":"closed","template":"","meta":{"inline_featured_image":false},"acf":false,"_links":{"self":[{"href":"https:\/\/www.laboratoriotello.com\/pt\/wp-json\/wp\/v2\/pages\/744"}],"collection":[{"href":"https:\/\/www.laboratoriotello.com\/pt\/wp-json\/wp\/v2\/pages"}],"about":[{"href":"https:\/\/www.laboratoriotello.com\/pt\/wp-json\/wp\/v2\/types\/page"}],"author":[{"embeddable":true,"href":"https:\/\/www.laboratoriotello.com\/pt\/wp-json\/wp\/v2\/users\/15"}],"replies":[{"embeddable":true,"href":"https:\/\/www.laboratoriotello.com\/pt\/wp-json\/wp\/v2\/comments?post=744"}],"version-history":[{"count":70,"href":"https:\/\/www.laboratoriotello.com\/pt\/wp-json\/wp\/v2\/pages\/744\/revisions"}],"predecessor-version":[{"id":1712,"href":"https:\/\/www.laboratoriotello.com\/pt\/wp-json\/wp\/v2\/pages\/744\/revisions\/1712"}],"wp:featuredmedia":[{"embeddable":true,"href":"https:\/\/www.laboratoriotello.com\/pt\/wp-json\/wp\/v2\/media\/1377"}],"wp:attachment":[{"href":"https:\/\/www.laboratoriotello.com\/pt\/wp-json\/wp\/v2\/media?parent=744"}],"curies":[{"name":"wp","href":"https:\/\/api.w.org\/{rel}","templated":true}]}}