{"id":32,"date":"2017-02-14T21:25:40","date_gmt":"2017-02-14T21:25:40","guid":{"rendered":"http:\/\/www.tentamus.com\/de\/?page_id=32"},"modified":"2024-02-09T11:32:17","modified_gmt":"2024-02-09T11:32:17","slug":"contacto","status":"publish","type":"page","link":"https:\/\/www.laboratoriotello.com\/pt\/contacto\/","title":{"rendered":"Contacto"},"content":{"rendered":"<!-- tailor:tailor_section:65c60d4157e31 -->\n<div class=\"tailor-element tailor-section tailor-65c60d4157e31\">\n<div class=\"tailor-section__content\"><!-- tailor:tailor_row:65c60d4157e30 -->\n<div class=\"tailor-element tailor-row tablet-columns tailor-65c60d4157e30\"><!-- tailor:tailor_column:65c60d4157e32 -->\n<div class=\"tailor-column tailor-65c60d4157e32\"><!-- tailor:tailor_box:65c60d4157e33 -->\n<div class=\"tailor-element tailor-box tailor-box--icon tailor-65c60d4157e33 u-text-center\">\n<div class=\"tailor-box__content\"><!-- tailor:tailor_content:65c60d4157e34 -->\n<div class=\"tailor-element tailor-content tailor-65c60d4157e34\">\n<p><img decoding=\"async\" loading=\"lazy\" class=\"aligncenter wp-image-1335\" src=\"https:\/\/www.laboratoriotello.com\/en\/wp-content\/uploads\/sites\/49\/2020\/05\/Iconos-web-LaboratorioTello_Mesa-de-trabajo-1.jpg\" alt=\"\" width=\"135\" height=\"137\" srcset=\"https:\/\/www.laboratoriotello.com\/pt\/wp-content\/uploads\/sites\/125\/2020\/05\/Iconos-web-LaboratorioTello_Mesa-de-trabajo-1.jpg 1018w, https:\/\/www.laboratoriotello.com\/pt\/wp-content\/uploads\/sites\/125\/2020\/05\/Iconos-web-LaboratorioTello_Mesa-de-trabajo-1-296x300.jpg 296w, https:\/\/www.laboratoriotello.com\/pt\/wp-content\/uploads\/sites\/125\/2020\/05\/Iconos-web-LaboratorioTello_Mesa-de-trabajo-1-1009x1024.jpg 1009w, https:\/\/www.laboratoriotello.com\/pt\/wp-content\/uploads\/sites\/125\/2020\/05\/Iconos-web-LaboratorioTello_Mesa-de-trabajo-1-768x779.jpg 768w\" sizes=\"(max-width: 135px) 100vw, 135px\" \/><\/p>\n<p style=\"text-align: center\"><a href=\"https:\/\/www.google.es\/maps\/place\/Laboratorio+Juan+Antonio+Tello\/@37.80296,-3.78196,15z\/data=!4m5!3m4!1s0x0:0x98063d0a13557819!8m2!3d37.80296!4d-3.78196\" target=\"_blank\" rel=\"noopener noreferrer\"><span>Calle la Iruela, 8.\u00a0Pol\u00edgono Industrial Los Olivares.\u00a0<\/span><\/a><a href=\"https:\/\/www.google.es\/maps\/place\/Laboratorio+Juan+Antonio+Tello\/@37.80296,-3.78196,15z\/data=!4m5!3m4!1s0x0:0x98063d0a13557819!8m2!3d37.80296!4d-3.78196\" target=\"_blank\" rel=\"noopener noreferrer\"><span>Ja\u00e9n \u00a0(23009)<\/span><\/a><\/p>\n<\/div>\n<!-- \/tailor:tailor_content:65c60d4157e34 --><\/div>\n<\/div>\n<!-- \/tailor:tailor_box:65c60d4157e33 --><\/div>\n<!-- \/tailor:tailor_column:65c60d4157e32 --><!-- tailor:tailor_column:65c60d4157e36 -->\n<div class=\"tailor-column tailor-65c60d4157e36\"><!-- tailor:tailor_box:65c60d4157e35 -->\n<div class=\"tailor-element tailor-box tailor-box--icon tailor-65c60d4157e35 u-text-center\">\n<div class=\"tailor-box__content\"><!-- tailor:tailor_content:65c60d4157e37 -->\n<div class=\"tailor-element tailor-content tailor-65c60d4157e37\">\n<p><img decoding=\"async\" loading=\"lazy\" class=\"aligncenter wp-image-1336\" src=\"https:\/\/www.laboratoriotello.com\/en\/wp-content\/uploads\/sites\/49\/2020\/05\/Iconos-web-LaboratorioTello-02.jpg\" alt=\"\" width=\"135\" height=\"137\" srcset=\"https:\/\/www.laboratoriotello.com\/pt\/wp-content\/uploads\/sites\/125\/2020\/05\/Iconos-web-LaboratorioTello-02.jpg 1018w, https:\/\/www.laboratoriotello.com\/pt\/wp-content\/uploads\/sites\/125\/2020\/05\/Iconos-web-LaboratorioTello-02-296x300.jpg 296w, https:\/\/www.laboratoriotello.com\/pt\/wp-content\/uploads\/sites\/125\/2020\/05\/Iconos-web-LaboratorioTello-02-1009x1024.jpg 1009w, https:\/\/www.laboratoriotello.com\/pt\/wp-content\/uploads\/sites\/125\/2020\/05\/Iconos-web-LaboratorioTello-02-768x779.jpg 768w\" sizes=\"(max-width: 135px) 100vw, 135px\" \/><\/p>\n<p><a href=\"tel:\/\/+34953281116\">(+34) 953 281 116<\/a><br \/>\n<a href=\"tel:\/\/+34953281250\">(+34) 953 281 250<\/a><\/p>\n<\/div>\n<!-- \/tailor:tailor_content:65c60d4157e37 --><\/div>\n<\/div>\n<!-- \/tailor:tailor_box:65c60d4157e35 --><\/div>\n<!-- \/tailor:tailor_column:65c60d4157e36 --><!-- tailor:tailor_column:65c60d4157e39 -->\n<div class=\"tailor-column tailor-65c60d4157e39\"><!-- tailor:tailor_box:65c60d4157e38 -->\n<div class=\"tailor-element tailor-box tailor-box--icon tailor-65c60d4157e38 u-text-center\">\n<div class=\"tailor-box__content\"><!-- tailor:tailor_content:65c60d4157e40 -->\n<div class=\"tailor-element tailor-content tailor-65c60d4157e40\">\n<p><a href=\"https:\/\/api.whatsapp.com\/send?phone=34953281116\" target=\"_blank\" rel=\"noopener noreferrer\"><img decoding=\"async\" loading=\"lazy\" class=\"aligncenter wp-image-1649\" src=\"https:\/\/www.laboratoriotello.com\/pt\/wp-content\/uploads\/sites\/83\/2020\/05\/whatsapp.jpg\" alt=\"\" width=\"209\" height=\"141\" \/><\/a><\/p>\n<p style=\"text-align: center\"><a href=\"https:\/\/api.whatsapp.com\/send?phone=34953281116\" target=\"_blank\" rel=\"noopener noreferrer\">Entre em contato pelo WhatsApp<\/a><\/p>\n<\/div>\n<!-- \/tailor:tailor_content:65c60d4157e40 --><\/div>\n<\/div>\n<!-- \/tailor:tailor_box:65c60d4157e38 --><\/div>\n<!-- \/tailor:tailor_column:65c60d4157e39 --><\/div>\n<!-- \/tailor:tailor_row:65c60d4157e30 --><\/div>\n<\/div>\n<!-- \/tailor:tailor_section:65c60d4157e31 --><!-- tailor:tailor_section:65c60d4157e42 -->\n<div class=\"tailor-element tailor-section tailor-65c60d4157e42\">\n<div class=\"tailor-section__content\"><!-- tailor:tailor_content:65c60d4157e41 -->\n<div class=\"tailor-element tailor-content tailor-65c60d4157e41\">\n<h2 style=\"text-align: center\">\u00a0<span style=\"color: #006141\"> Entre em contacto connosco e iremos responder-lhe o mais breve poss\u00edvel.\u00a0<i class=\"tailor-icon mceNonEditable dashicons dashicons-smiley\"><\/i>\u00a0\u00a0<\/span><\/h2>\n\n<div class=\"wpcf7 no-js\" id=\"wpcf7-f924-o1\" lang=\"de-DE\" dir=\"ltr\">\n<div class=\"screen-reader-response\"><p role=\"status\" aria-live=\"polite\" aria-atomic=\"true\"><\/p> <ul><\/ul><\/div>\n<form action=\"\/pt\/wp-json\/wp\/v2\/pages\/32#wpcf7-f924-o1\" method=\"post\" class=\"wpcf7-form init\" aria-label=\"Kontaktformular\" novalidate=\"novalidate\" data-status=\"init\">\n<div style=\"display: none;\">\n<input type=\"hidden\" name=\"_wpcf7\" value=\"924\" \/>\n<input type=\"hidden\" name=\"_wpcf7_version\" value=\"5.7.7\" \/>\n<input type=\"hidden\" name=\"_wpcf7_locale\" value=\"de_DE\" \/>\n<input type=\"hidden\" name=\"_wpcf7_unit_tag\" value=\"wpcf7-f924-o1\" \/>\n<input type=\"hidden\" name=\"_wpcf7_container_post\" value=\"0\" \/>\n<input type=\"hidden\" name=\"_wpcf7_posted_data_hash\" value=\"\" \/>\n<\/div>\n<div class=\"row contactform\">\n\t<div class=\"col-md-6\">\n\t\t<p><span class=\"wpcf7-form-control-wrap\" data-name=\"radio-868\"><span class=\"wpcf7-form-control wpcf7-radio\"><span class=\"wpcf7-list-item first\"><label><input type=\"radio\" name=\"radio-868\" value=\"Indiv\u00edduo\" checked=\"checked\" \/><span class=\"wpcf7-list-item-label\">Indiv\u00edduo<\/span><\/label><\/span><span class=\"wpcf7-list-item last\"><label><input type=\"radio\" name=\"radio-868\" value=\"Empresa\" \/><span class=\"wpcf7-list-item-label\">Empresa<\/span><\/label><\/span><\/span><\/span>\n\t\t<\/p>\n\t\t<p><label> Nome<br \/>\n<span class=\"wpcf7-form-control-wrap\" data-name=\"Nome\"><input size=\"40\" class=\"wpcf7-form-control wpcf7-text wpcf7-validates-as-required\" aria-required=\"true\" aria-invalid=\"false\" placeholder=\"Nome e sobrenome da pessoa de contato\" value=\"\" type=\"text\" name=\"Nome\" \/><\/span> <\/label>\n\t\t<\/p>\n\t\t<p><label> Empresa<br \/>\n<span class=\"wpcf7-form-control-wrap\" data-name=\"Empresa\"><input size=\"40\" class=\"wpcf7-form-control wpcf7-text\" aria-invalid=\"false\" placeholder=\"Indique o nome da sua empresa\" value=\"\" type=\"text\" name=\"Empresa\" \/><\/span> <span class=\"wpcf7-form-control-wrap\" data-name=\"company2\"><input size=\"40\" class=\"wpcf7-form-control wpcf7-text\" aria-invalid=\"false\" placeholder=\"Indique o CIF da sua empresa\" value=\"\" type=\"text\" name=\"company2\" \/><\/span> <\/label>\n\t\t<\/p>\n\t\t<p><label> Telefone<br \/>\n<span class=\"wpcf7-form-control-wrap\" data-name=\"Telefone\"><input size=\"40\" class=\"wpcf7-form-control wpcf7-text wpcf7-tel wpcf7-validates-as-required wpcf7-validates-as-tel\" aria-required=\"true\" aria-invalid=\"false\" placeholder=\"Por favor, deixe-nos um n\u00famero de contato\" value=\"\" type=\"tel\" name=\"Telefone\" \/><\/span> <\/label>\n\t\t<\/p>\n\t\t<p><label> Email<br \/>\n<span class=\"wpcf7-form-control-wrap\" data-name=\"email\"><input size=\"40\" class=\"wpcf7-form-control wpcf7-text wpcf7-email wpcf7-validates-as-required wpcf7-validates-as-email\" aria-required=\"true\" aria-invalid=\"false\" placeholder=\"Escreva um e-mail de contato\" value=\"\" type=\"email\" name=\"email\" \/><\/span> <\/label>\n\t\t<\/p>\n\t<\/div>\n\t<div class=\"col-md-6 message\">\n\t\t<p><label> Tipo de An\u00e1lise \ud83d\udd3d<br \/>\n<span class=\"wpcf7-form-control-wrap\" data-name=\"Servicio\"><select class=\"wpcf7-form-control wpcf7-select wpcf7-validates-as-required\" aria-required=\"true\" aria-invalid=\"false\" name=\"Servicio\"><option value=\"An\u00e1lise de azeites\">An\u00e1lise de azeites<\/option><option value=\"An\u00e1lise de outros \u00f3leos vegetais\">An\u00e1lise de outros \u00f3leos vegetais<\/option><option value=\"An\u00e1lise de Azeitonas e baga\u00e7o de azeitona\">An\u00e1lise de Azeitonas e baga\u00e7o de azeitona<\/option><option value=\"An\u00e1lise de Sementes oleaginosas\">An\u00e1lise de Sementes oleaginosas<\/option><option value=\"An\u00e1lisis de Contaminantes\">An\u00e1lisis de Contaminantes<\/option><option value=\"Aconselhamento e forma\u00e7\u00e3o\">Aconselhamento e forma\u00e7\u00e3o<\/option><option value=\"COVID-19 An\u00e1lise centrada na Ind\u00fastria\">COVID-19 An\u00e1lise centrada na Ind\u00fastria<\/option><option value=\"Outros\">Outros<\/option><\/select><\/span><br \/>\n<label style=\"height:220px\"> Mensagem<br \/>\n<span class=\"wpcf7-form-control-wrap\" data-name=\"Mensagem\"><textarea cols=\"40\" rows=\"10\" class=\"wpcf7-form-control wpcf7-textarea\" aria-invalid=\"false\" placeholder=\"Como podemos te ajudar?\" name=\"Mensagem\"><\/textarea><\/span> <\/label><br \/>\n<span class=\"wpcf7-form-control-wrap\" data-name=\"capital-quiz\"><label><span class=\"wpcf7-quiz-label\">Indicar qual destes n\u00fameros \u00e9 maior: 2 ou 5?<\/span> <input size=\"40\" class=\"wpcf7-form-control wpcf7-quiz\" autocomplete=\"off\" aria-required=\"true\" aria-invalid=\"false\" type=\"text\" name=\"capital-quiz\" \/><\/label><input type=\"hidden\" name=\"_wpcf7_quiz_answer_capital-quiz\" value=\"25f3c30f8b9aacb5ec6d76213e04b4f5\" \/><\/span><br \/>\n<span class=\"wpcf7-form-control-wrap\" data-name=\"zustimmung-datenschutz\"><span class=\"wpcf7-form-control wpcf7-acceptance\"><span class=\"wpcf7-list-item\"><label><input type=\"checkbox\" name=\"zustimmung-datenschutz\" value=\"1\" aria-invalid=\"false\" \/><span class=\"wpcf7-list-item-label\"><label> Os dados enviados ser\u00e3o utilizados apenas para fins de processamento do seu pedido. Li as informa\u00e7\u00f5es e concordo com o <a target=\"_blank\" href=\"https:\/\/www.laboratoriotello.com\/politica-de-privacidad-laboratorio-tello\/\" style=\"color: #ffff00\">declara\u00e7\u00e3o de prote\u00e7\u00e3o de dados<\/a><\/span><\/label><\/span><\/span><\/span><br \/>\n<\/label>\n\t\t<\/p>\n\t\t<div>\n\t\t\t<p><input class=\"wpcf7-form-control has-spinner wpcf7-submit\" type=\"submit\" value=\"Enviar\" \/>\n\t\t\t<\/p>\n\t\t<\/div>\n\t<\/div>\n<\/div><div class=\"wpcf7-response-output\" aria-hidden=\"true\"><\/div>\n<\/form>\n<\/div>\n\n<\/div>\n<!-- \/tailor:tailor_content:65c60d4157e41 --><\/div>\n<\/div>\n<!-- \/tailor:tailor_section:65c60d4157e42 -->\n","protected":false},"excerpt":{"rendered":"<p>Calle la Iruela, 8.\u00a0Pol\u00edgono Industrial Los Olivares.\u00a0Ja\u00e9n \u00a0(23009) (+34) 953 281 116 (+34) 953 281 250 Entre em contato pelo WhatsApp \u00a0 Entre em contacto connosco e iremos responder-lhe o mais breve poss\u00edvel.\u00a0\u00a0\u00a0<\/p>\n","protected":false},"author":15,"featured_media":932,"parent":0,"menu_order":0,"comment_status":"closed","ping_status":"closed","template":"","meta":{"inline_featured_image":false},"acf":false,"_links":{"self":[{"href":"https:\/\/www.laboratoriotello.com\/pt\/wp-json\/wp\/v2\/pages\/32"}],"collection":[{"href":"https:\/\/www.laboratoriotello.com\/pt\/wp-json\/wp\/v2\/pages"}],"about":[{"href":"https:\/\/www.laboratoriotello.com\/pt\/wp-json\/wp\/v2\/types\/page"}],"author":[{"embeddable":true,"href":"https:\/\/www.laboratoriotello.com\/pt\/wp-json\/wp\/v2\/users\/15"}],"replies":[{"embeddable":true,"href":"https:\/\/www.laboratoriotello.com\/pt\/wp-json\/wp\/v2\/comments?post=32"}],"version-history":[{"count":49,"href":"https:\/\/www.laboratoriotello.com\/pt\/wp-json\/wp\/v2\/pages\/32\/revisions"}],"predecessor-version":[{"id":1660,"href":"https:\/\/www.laboratoriotello.com\/pt\/wp-json\/wp\/v2\/pages\/32\/revisions\/1660"}],"wp:featuredmedia":[{"embeddable":true,"href":"https:\/\/www.laboratoriotello.com\/pt\/wp-json\/wp\/v2\/media\/932"}],"wp:attachment":[{"href":"https:\/\/www.laboratoriotello.com\/pt\/wp-json\/wp\/v2\/media?parent=32"}],"curies":[{"name":"wp","href":"https:\/\/api.w.org\/{rel}","templated":true}]}}