{"id":1255,"date":"2019-05-24T12:01:52","date_gmt":"2019-05-24T12:01:52","guid":{"rendered":"https:\/\/www.laboratoriotello.com\/en\/?page_id=1255"},"modified":"2020-08-31T17:58:12","modified_gmt":"2020-08-31T17:58:12","slug":"politica-de-privacidade","status":"publish","type":"page","link":"https:\/\/www.laboratoriotello.com\/pt\/politica-de-privacidade\/","title":{"rendered":"Pol\u00edtica de Privacidade"},"content":{"rendered":"<!-- tailor:tailor_section:5f4d3a340d514 -->\n<div class=\"tailor-element tailor-section tailor-5f4d3a340d514 u-text-center\">\n<div class=\"tailor-section__content\"><!-- tailor:tailor_content:5f4d3a340d515 -->\n<div class=\"tailor-element tailor-content tailor-5f4d3a340d515\">\n<p style=\"text-align: left\"><span style=\"font-weight: 400\">Para podermos desenvolver a nossa atividade, processamos os seus dados pessoais com a finalidade de oferecer os nossos servi\u00e7os de an\u00e1lise, bem como outras atividades realizadas no nosso laborat\u00f3rio.<\/span><\/p>\n<p style=\"text-align: left\"><span style=\"font-weight: 400\">Al\u00e9m disso, comunicamos regularmente com os nossos clientes e utilizadores, sobre novidades da nossa organiza\u00e7\u00e3o &#8211; comerciais ou n\u00e3o &#8211; not\u00edcias setoriais respeitantes \u00e0 sua atividade e informa\u00e7\u00f5es que consideramos poder-lhe ser relevantes. Se recebe estas comunica\u00e7\u00f5es \u00e9 porque nos deu pr\u00e9via e expressamente o consentimento de que as pretendia receber, aceitando o tratamento dos seus dados de contacto pessoais para que as possamos enviar, n\u00e3o realizando qualquer outro tratamento dos seus dados pessoais fornecidos para essa finalidade.<\/span><\/p>\n<p style=\"text-align: left\"><span style=\"font-weight: 400\">No entanto, o seu consentimento pode ser revogado a qualquer momento, contactando o respons\u00e1vel, em pdatos@laboratoriotello.com, preenchendo o nosso formul\u00e1rio de contacto neste website ou indicando-o em cada uma das comunica\u00e7\u00f5es que receba da nossa parte. A revoga\u00e7\u00e3o do consentimento n\u00e3o ter\u00e1 car\u00e1ter retroativo relativamente ao tratamento dos dados efetuados anteriormente \u00e0 revoga\u00e7\u00e3o, nem afetar\u00e1 a sua licitude.<\/span><\/p>\n<p style=\"text-align: left\"><span style=\"font-weight: 400\">Preocupamo-nos muito com a sua privacidade, por isso, se decidir deixar de receber as nossas publica\u00e7\u00f5es, respeitaremos a sua decis\u00e3o e deixaremos de o incluir como destinat\u00e1rio das nossas comunica\u00e7\u00f5es comerciais. Se decidir voltar a receb\u00ea-las, por favor, fa\u00e7a-nos saber atrav\u00e9s dos formul\u00e1rios de contacto dispon\u00edveis neste site<\/span><\/p>\n<p style=\"text-align: left\"><span style=\"font-weight: 400\">Ao mesmo tempo, se o utilizador nos fornecer dados pessoais porque est\u00e1 interessado em trabalhar connosco, deve saber que os seus dados pessoais, incluindo os dados curriculares que nos possa facultar, ser\u00e3o tratados pela gest\u00e3o dos recursos humanos da nossa organiza\u00e7\u00e3o, com o \u00fanico prop\u00f3sito de gerir a nossa bolsa de emprego e realizar a sele\u00e7\u00e3o de pessoal.<\/span><\/p>\n<p style=\"text-align: left\"><span style=\"font-weight: 400\">De seguida, informamo-lo sobre os outros aspetos a ter em conta no tratamento que fazemos dos seus dados pessoais, relativamente ao envio da nossa publica\u00e7\u00e3o (newsletter):<\/span><\/p>\n<p style=\"text-align: left\"><strong>Finalidades do tratamento:<\/strong><\/p>\n<ul style=\"text-align: left\">\n<li><span style=\"font-weight: 400\">Fazer a gest\u00e3o de dados pessoais relacionados com a execu\u00e7\u00e3o dos nossos servi\u00e7os.<\/span><\/li>\n<li><span style=\"font-weight: 400\">Enviar comunica\u00e7\u00f5es comerciais, promocionais e publicit\u00e1rias, atrav\u00e9s dos meios de contacto que nos facultou (salvo se demonstrou a sua recusa).<\/span><\/li>\n<li><span style=\"font-weight: 400\">Gerir a bolsa de emprego e a sele\u00e7\u00e3o de pessoal, para os interessados que nos enviem a sua candidatura.<\/span><\/li>\n<\/ul>\n<p style=\"text-align: left\"><strong>Legitima\u00e7\u00e3o do tratamento:<\/strong><\/p>\n<p style=\"text-align: left\"><span style=\"font-weight: 400\">Trataremos os seus dados pessoais suportados no seu consentimento expresso, para fins de marketing e comerciais, na gest\u00e3o da bolsa de emprego e para a execu\u00e7\u00e3o do servi\u00e7o que nos solicita nos restantes casos (salvo o tratamento de dados necess\u00e1rio por obriga\u00e7\u00e3o legal, nos casos apropriados).<\/span><\/p>\n<p style=\"text-align: left\"><span style=\"font-weight: 400\">A forma como obteremos o seu consentimento ser\u00e1<\/span>:<\/p>\n<p style=\"text-align: left\">\u2013 <span style=\"font-weight: 400\">Por escrito, atrav\u00e9s dos formul\u00e1rios dispon\u00edveis no nosso centro para o efeito<\/span>.<\/p>\n<p style=\"text-align: left\">\u2013 <span style=\"font-weight: 400\">Electronicamente, mediante aceita\u00e7\u00e3o pr\u00e9via dos formul\u00e1rios deste website<\/span>.<\/p>\n<p style=\"text-align: left\"><strong>\u00a0<\/strong><\/p>\n<p style=\"text-align: left\"><strong>Destinat\u00e1rios das informa\u00e7\u00f5es:<\/strong><\/p>\n<p style=\"text-align: left\"><span style=\"font-weight: 400\">Como fazemos parte do Grupo Tentamus (Tentamus Analytics GmbH), os seus dados ser\u00e3o transferidos ao nosso Grupo Empresarial, para desenvolvimento de atividades administrativas e comerciais, sendo o seu representante em Espanha: Bilacon Iberia SL, B04784963 Calle Albert Einstein 7 (PITA) 04131 Retamar (Almer\u00eda).<\/span><\/p>\n<p><span style=\"font-weight: 400\">Al\u00e9m disso, os seus dados ter\u00e3o como destinat\u00e1rios os nossos gestores de tratamento de dados, que se comprometem a cumprir com o disposto na legisla\u00e7\u00e3o em vigor em mat\u00e9ria de prote\u00e7\u00e3o de dados, bem como as instru\u00e7\u00f5es indicadas por este respons\u00e1vel relativamente ao tratamento de dados, e n\u00e3o podem utiliz\u00e1-los para uma finalidade diferente da aqui expressa.<\/span><\/p>\n<p style=\"text-align: left\"><span style=\"font-weight: 400\">Informamos ainda que n\u00e3o realizamos tratamento internacional de dados<\/span>.<\/p>\n<p style=\"text-align: left\"><strong>Prazo de conserva\u00e7\u00e3o dos dados pessoais:<\/strong><\/p>\n<ul style=\"text-align: left\">\n<li><span style=\"font-weight: 400\">Execu\u00e7\u00e3o dos nossos Servi\u00e7os de An\u00e1lises e afins: os seus dados ser\u00e3o mantidos durante cinco anos, a partir do momento da sua recolha<\/span>.<\/li>\n<li style=\"font-weight: 400\"><span style=\"font-weight: 400\">Fins Comerciais: os seus dados ser\u00e3o conservados enquanto a sua subscri\u00e7\u00e3o se mantiver ativa para receber as nossas comunica\u00e7\u00f5es. Uma vez demonstrada a sua recusa em receber as nossas informa\u00e7\u00f5es, procederemos \u00e0 elimina\u00e7\u00e3o dos seus dados, salvo poss\u00edveis obriga\u00e7\u00f5es legais, no que poder\u00e1 resultar num per\u00edodo de conserva\u00e7\u00e3o dos dados mais alargado (embora neste caso, sejam devidamente bloqueados).<\/span><\/li>\n<li><span style=\"font-weight: 400\">Gest\u00e3o da Bolsa de Emprego: os seus dados ser\u00e3o mantidos durante um ano a partir da data de recolha<\/span>.<\/li>\n<\/ul>\n<p style=\"text-align: left\"><span style=\"font-weight: 400\">Caso deseje exercer o seu direito \u00e0 limita\u00e7\u00e3o de dados, informe-nos, por favor, atrav\u00e9s do e-mail:<\/span>\u00a0<a href=\"mailto:pdatos@laboratoriotello.com\">pdatos@laboratoriotello.com<\/a><\/p>\n<p style=\"text-align: left\"><strong>Direitos:<\/strong><\/p>\n<p style=\"text-align: left\"><span style=\"font-weight: 400\">Todos os utilizadores cujos dados pessoais sejam objeto de tratamento de dados, podem exercer de forma gratuita o direito de acesso, retifica\u00e7\u00e3o, elimina\u00e7\u00e3o dos seus dados, oposi\u00e7\u00e3o ao tratamento e limita\u00e7\u00e3o ao tratamento dos seus dados. Estes direitos podem ser exercidos atrav\u00e9s de uma das seguintes formas<\/span>:<\/p>\n<ul style=\"text-align: left\">\n<li><span style=\"font-weight: 400\">Por escrito, enviando o seu pedido, juntamente com uma c\u00f3pia do documento comprovativo de identidade, para o seguinte endere\u00e7o:<br \/>\n<\/span><strong>LABORAT\u00d3RIO JUAN ANTONIO TELLO \u2013 Tratamento de Dados Pessoais<\/strong><\/p>\n<p><strong>Calle La Iruela 8 23009 Ja\u00e9n &#8211; Espanha<\/strong><\/li>\n<\/ul>\n<p style=\"text-align: left\"><strong>\u00a0<\/strong><\/p>\n<ul style=\"text-align: left\">\n<li><span style=\"font-weight: 400\">Por e-mail, para o endere\u00e7o: pdatos@laboratoriotello.com\u00a0 assinando digitalmente a sua solicita\u00e7\u00e3o com o seu Documento de Identidade Nacional Eletr\u00f3nico, ou anexando uma c\u00f3pia da sua identifica\u00e7\u00e3o, n\u00e3o sendo, neste caso, necess\u00e1ria mais nenhuma acredita\u00e7\u00e3o pelo requerente<\/span>.<\/li>\n<\/ul>\n<p style=\"text-align: left\"><strong>Autoridade de Supervis\u00e3o:<\/strong><\/p>\n<p style=\"text-align: left\">\u00a0 \u00a0 \u00a0 \u00a0 \u00a0 \u00a0 <span style=\"font-weight: 400\">Se o utilizador considerar que os seus direitos foram ignorados ou violados, pode apresentar a sua queixa \u00e0 autoridade de supervis\u00e3o competente, sendo neste caso a Ag\u00eancia Espanhola de Prote\u00e7\u00e3o de Dados. Se o interessado considerar adequado, poder\u00e1 igualmente contactar qualquer autoridade de supervis\u00e3o competente no seio da Uni\u00e3o Europeia<\/span>.<\/p>\n<\/div>\n<!-- \/tailor:tailor_content:5f4d3a340d515 --><\/div>\n<\/div>\n<!-- \/tailor:tailor_section:5f4d3a340d514 -->\n","protected":false},"excerpt":{"rendered":"<p>Para podermos desenvolver a nossa atividade, processamos os seus dados pessoais com a finalidade de oferecer os nossos servi\u00e7os de an\u00e1lise, bem como outras atividades realizadas no nosso laborat\u00f3rio. Al\u00e9m disso, comunicamos regularmente com os nossos clientes e utilizadores, sobre novidades da nossa organiza\u00e7\u00e3o &#8211; comerciais ou n\u00e3o &#8211; not\u00edcias setoriais respeitantes \u00e0 sua atividade<\/p>\n","protected":false},"author":15,"featured_media":0,"parent":0,"menu_order":0,"comment_status":"closed","ping_status":"closed","template":"","meta":{"inline_featured_image":false},"acf":false,"_links":{"self":[{"href":"https:\/\/www.laboratoriotello.com\/pt\/wp-json\/wp\/v2\/pages\/1255"}],"collection":[{"href":"https:\/\/www.laboratoriotello.com\/pt\/wp-json\/wp\/v2\/pages"}],"about":[{"href":"https:\/\/www.laboratoriotello.com\/pt\/wp-json\/wp\/v2\/types\/page"}],"author":[{"embeddable":true,"href":"https:\/\/www.laboratoriotello.com\/pt\/wp-json\/wp\/v2\/users\/15"}],"replies":[{"embeddable":true,"href":"https:\/\/www.laboratoriotello.com\/pt\/wp-json\/wp\/v2\/comments?post=1255"}],"version-history":[{"count":13,"href":"https:\/\/www.laboratoriotello.com\/pt\/wp-json\/wp\/v2\/pages\/1255\/revisions"}],"predecessor-version":[{"id":1401,"href":"https:\/\/www.laboratoriotello.com\/pt\/wp-json\/wp\/v2\/pages\/1255\/revisions\/1401"}],"wp:attachment":[{"href":"https:\/\/www.laboratoriotello.com\/pt\/wp-json\/wp\/v2\/media?parent=1255"}],"curies":[{"name":"wp","href":"https:\/\/api.w.org\/{rel}","templated":true}]}}